{"id":3581,"date":"2020-06-09T18:45:50","date_gmt":"2020-06-09T16:45:50","guid":{"rendered":"http:\/\/sc4uzmq4768.universe.wf\/?page_id=3581"},"modified":"2023-05-29T19:56:19","modified_gmt":"2023-05-29T17:56:19","slug":"contactez-nous","status":"publish","type":"page","link":"https:\/\/dorine-decayeux.com\/en\/contactez-nous\/","title":{"rendered":"Contact us"},"content":{"rendered":"<div data-elementor-type=\"wp-page\" data-elementor-id=\"3581\" class=\"elementor elementor-3581\" data-elementor-settings=\"{&quot;ha_cmc_init_switcher&quot;:&quot;no&quot;}\" data-elementor-post-type=\"page\">\n\t\t\t\t\t\t<section class=\"elementor-section elementor-top-section elementor-element elementor-element-cfedae7 elementor-section-height-min-height elementor-section-boxed elementor-section-height-default elementor-section-items-middle\" data-id=\"cfedae7\" data-element_type=\"section\" data-e-type=\"section\" data-settings=\"{&quot;background_background&quot;:&quot;classic&quot;,&quot;_ha_eqh_enable&quot;:false}\">\n\t\t\t\t\t\t<div class=\"elementor-container elementor-column-gap-default\">\n\t\t\t\t\t<div class=\"elementor-column elementor-col-100 elementor-top-column elementor-element elementor-element-5b0388d\" data-id=\"5b0388d\" data-element_type=\"column\" data-e-type=\"column\">\n\t\t\t<div class=\"elementor-widget-wrap elementor-element-populated\">\n\t\t\t\t\t\t\t<\/div>\n\t\t<\/div>\n\t\t\t\t\t<\/div>\n\t\t<\/section>\n\t\t\t\t<section class=\"elementor-section elementor-top-section elementor-element elementor-element-29461f3 elementor-section-boxed elementor-section-height-default elementor-section-height-default\" data-id=\"29461f3\" data-element_type=\"section\" data-e-type=\"section\" data-settings=\"{&quot;_ha_eqh_enable&quot;:false}\">\n\t\t\t\t\t\t<div class=\"elementor-container elementor-column-gap-default\">\n\t\t\t\t\t<div class=\"elementor-column elementor-col-100 elementor-top-column elementor-element elementor-element-d10bf51\" data-id=\"d10bf51\" data-element_type=\"column\" data-e-type=\"column\">\n\t\t\t<div class=\"elementor-widget-wrap elementor-element-populated\">\n\t\t\t\t\t\t<div class=\"elementor-element elementor-element-cd39dcd elementor-widget-divider--view-line_text elementor-widget-divider--element-align-center elementor-widget elementor-widget-divider\" data-id=\"cd39dcd\" data-element_type=\"widget\" data-e-type=\"widget\" data-widget_type=\"divider.default\">\n\t\t\t\t<div class=\"elementor-widget-container\">\n\t\t\t\t\t\t\t<div class=\"elementor-divider translation-block\"><span class=\"elementor-divider-separator\">\n\t\t\t\t\t\t\t<span class=\"elementor-divider__text elementor-divider__element\">\n\t\t\t\tA question, <br>need a custom made piece, <br>become a reseller?\t\t\t\t<\/span>\n\t\t\t\t\t\t<\/span><\/div>\n\t\t\t\t\t\t<\/div>\n\t\t\t\t<\/div>\n\t\t\t\t<div class=\"elementor-element elementor-element-0b0f956 elementor-widget elementor-widget-text-editor\" data-id=\"0b0f956\" data-element_type=\"widget\" data-e-type=\"widget\" data-widget_type=\"text-editor.default\">\n\t\t\t\t<div class=\"elementor-widget-container\">\n\t\t\t\t\t\t\t\t\t<p>We study your requests for custom-made pieces,<\/p><p>adaptation of earrings for non-pierced ears, silvery metal frames<\/p><p>or collaborations...\u00a0<\/p><p>Contact-us at:<strong> \u00a0contact@vlum.fr<\/strong><\/p>\t\t\t\t\t\t\t\t<\/div>\n\t\t\t\t<\/div>\n\t\t\t\t<section class=\"elementor-section elementor-inner-section elementor-element elementor-element-a978815 elementor-section-boxed elementor-section-height-default elementor-section-height-default\" data-id=\"a978815\" data-element_type=\"section\" data-e-type=\"section\" data-settings=\"{&quot;_ha_eqh_enable&quot;:false}\">\n\t\t\t\t\t\t<div class=\"elementor-container elementor-column-gap-default\">\n\t\t\t\t\t<div class=\"elementor-column elementor-col-33 elementor-inner-column elementor-element elementor-element-9354565\" data-id=\"9354565\" data-element_type=\"column\" data-e-type=\"column\">\n\t\t\t<div class=\"elementor-widget-wrap elementor-element-populated\">\n\t\t\t\t\t\t\t<\/div>\n\t\t<\/div>\n\t\t\t\t<div class=\"elementor-column elementor-col-33 elementor-inner-column elementor-element elementor-element-2a9861e\" data-id=\"2a9861e\" data-element_type=\"column\" data-e-type=\"column\">\n\t\t\t<div class=\"elementor-widget-wrap elementor-element-populated\">\n\t\t\t\t\t\t<div class=\"elementor-element elementor-element-1300f52 elementor-view-default elementor-position-block-start elementor-mobile-position-block-start elementor-widget elementor-widget-icon-box\" data-id=\"1300f52\" data-element_type=\"widget\" data-e-type=\"widget\" data-widget_type=\"icon-box.default\">\n\t\t\t\t<div class=\"elementor-widget-container\">\n\t\t\t\t\t\t\t<div class=\"elementor-icon-box-wrapper\">\n\n\t\t\t\t\t\t<div class=\"elementor-icon-box-icon\">\n\t\t\t\t<span  class=\"elementor-icon\">\n\t\t\t\t<i aria-hidden=\"true\" class=\"hm hm-mail-open\"><\/i>\t\t\t\t<\/span>\n\t\t\t<\/div>\n\t\t\t\n\t\t\t\n\t\t<\/div>\n\t\t\t\t\t\t<\/div>\n\t\t\t\t<\/div>\n\t\t\t\t\t<\/div>\n\t\t<\/div>\n\t\t\t\t<div class=\"elementor-column elementor-col-33 elementor-inner-column elementor-element elementor-element-a8e8caa\" data-id=\"a8e8caa\" data-element_type=\"column\" data-e-type=\"column\">\n\t\t\t<div class=\"elementor-widget-wrap elementor-element-populated\">\n\t\t\t\t\t\t\t<\/div>\n\t\t<\/div>\n\t\t\t\t\t<\/div>\n\t\t<\/section>\n\t\t\t\t<div class=\"elementor-element elementor-element-2157d97 elementor-widget elementor-widget-text-editor\" data-id=\"2157d97\" data-element_type=\"widget\" data-e-type=\"widget\" data-widget_type=\"text-editor.default\">\n\t\t\t\t<div class=\"elementor-widget-container\">\n\t\t\t\t\t\t\t\t\t<p>LIST OF RESELLERS<\/p><p><strong>FRANCE<span class=\"Apple-converted-space\">\u00a0<\/span><\/strong><\/p><p><em>St QUENTIN LA POTERIE<\/em> &#8211; Galerie Terra Viva<br \/>14 rue de la fontaine 30700 St QUENTIN LA POTERIE<\/p><p><em>LE FEL<\/em> &#8211; Galerie du DON DU FEL<br \/>Le Don du Fel 12140 Le Fel<\/p><p><strong>EUROPE<\/strong><\/p><p><em>GERMANY<\/em> &#8211; Andrea Creations<\/p><p>Hauptstra\u00dfe 183 69117 Heidelberg<\/p><p><em>GERMANY<\/em> &#8211; STUDIO Carsten Kissner<span class=\"Apple-converted-space\">\u00a0<\/span><\/p><p>Carl-Theodor-Str. 8 D 68723 Schwetzingen<\/p><p><\/p><p><em>GREAT BRITAIN<\/em> &#8211; Lily Luna<br \/>43 William street EH3 7LW EDINBURGH<\/p><p><em>AUSTRIA<\/em> &#8211; STUDIO Nin Prantner<br \/>Breitegasse 19 1070 Wien<\/p><p><em>ITALY<\/em> &#8211; Madera Venezia<\/p><p>campo San Barnaba, Venice<\/p><p><strong>WORLD<\/strong><\/p><p><em>JAPAN<\/em> &#8211; Carte Blanche<br \/>Ebisu Mitsukoshi Department store,1st Floor, 4-20-7<\/p><p>Ebisu Shibuya-ku, 150-0013, Tokyo<\/p><p><em>UNITED STATES<\/em> &#8211; Artis Naples &#8211; The\u00a0Baker\u00a0Museum Shop<\/p><p>5833 Pelican Bay Boulevard, Naples, Florida<\/p><p><em>UNITED STATES<\/em> &#8211; Art Institute of Chicago<br \/>116 S. Michigan Ave. Chicago, IL 60603<\/p><p><em>UNITED STATES<\/em> &#8211; Pistachios GALERY<\/p><p>716 N Wabash Ave. Chicago, IL 60611<\/p><p><em>UNITED STATES<\/em> &#8211; SWITCH<\/p><p>7863 SW Capitol Hwy, Portland, OR 97219<\/p><p><em>CHINA<\/em> &#8211; HeyJewel STUDIO<br \/>No.5, 71 Huating Road, Xuhui 200031 Shanghai<\/p><p><em>RUSSIA<\/em> &#8211; Bulthaup Center\u00a0Design Gallery<span class=\"Apple-converted-space\">\u00a0<\/span><\/p><p>2, Bolshaya Konjushennaya str. 191186 St. Petersburg<\/p><p><\/p><p><\/p><p>_<\/p><p><\/p><p><\/p><p><\/p>\t\t\t\t\t\t\t\t<\/div>\n\t\t\t\t<\/div>\n\t\t\t\t\t<\/div>\n\t\t<\/div>\n\t\t\t\t\t<\/div>\n\t\t<\/section>\n\t\t\t\t<\/div>","protected":false},"excerpt":{"rendered":"<p>Une question, un besoin sur-mesure, devenir revendeur? Nous \u00e9tudions vos demandes de pi\u00e8ces sur-mesure, d&rsquo;adaptation de boucles pour oreilles non perc\u00e9s, de montures en m\u00e9tal argent\u00e9 o\u00f9 encore de collaborations&#8230;.\u00a0 Contactez-nous \u00e0 l&rsquo;adresse: \u00a0contact@vlum.fr LISTE DES REVENDEURS FRANCE\u00a0 St QUENTIN LA POTERIE &#8211; Galerie Terra Viva14 rue de la fontaine [&hellip;]<\/p>","protected":false},"author":565,"featured_media":0,"parent":0,"menu_order":0,"comment_status":"closed","ping_status":"closed","template":"page-templates\/template-pagebuilder-full-width.php","meta":{"footnotes":""},"class_list":["post-3581","page","type-page","status-publish","hentry"],"yoast_head":"<!-- This site is optimized with the Yoast SEO plugin v27.3 - https:\/\/yoast.com\/product\/yoast-seo-wordpress\/ -->\n<title>Contactez-nous - Dorine Decayeux<\/title>\n<meta name=\"robots\" content=\"index, follow, max-snippet:-1, max-image-preview:large, max-video-preview:-1\" \/>\n<link rel=\"canonical\" href=\"https:\/\/dorine-decayeux.com\/en\/contactez-nous\/\" \/>\n<meta property=\"og:locale\" content=\"en_GB\" \/>\n<meta property=\"og:type\" content=\"article\" \/>\n<meta property=\"og:title\" content=\"Contactez-nous - Dorine Decayeux\" \/>\n<meta property=\"og:description\" content=\"Une question, un besoin sur-mesure, devenir revendeur? Nous \u00e9tudions vos demandes de pi\u00e8ces sur-mesure, d&rsquo;adaptation de boucles pour oreilles non perc\u00e9s, de montures en m\u00e9tal argent\u00e9 o\u00f9 encore de collaborations&#8230;.\u00a0 Contactez-nous \u00e0 l&rsquo;adresse: \u00a0contact@vlum.fr LISTE DES REVENDEURS FRANCE\u00a0 St QUENTIN LA POTERIE &#8211; Galerie Terra Viva14 rue de la fontaine [&hellip;]\" \/>\n<meta property=\"og:url\" content=\"https:\/\/dorine-decayeux.com\/en\/contactez-nous\/\" \/>\n<meta property=\"og:site_name\" content=\"Dorine Decayeux\" \/>\n<meta property=\"article:publisher\" content=\"https:\/\/www.facebook.com\/vlum.fr\/\" \/>\n<meta property=\"article:modified_time\" content=\"2023-05-29T17:56:19+00:00\" \/>\n<meta name=\"twitter:card\" content=\"summary_large_image\" \/>\n<meta name=\"twitter:label1\" content=\"Estimated reading time\" \/>\n\t<meta name=\"twitter:data1\" content=\"1 minute\" \/>\n<script type=\"application\/ld+json\" class=\"yoast-schema-graph\">{\"@context\":\"https:\\\/\\\/schema.org\",\"@graph\":[{\"@type\":\"WebPage\",\"@id\":\"https:\\\/\\\/dorine-decayeux.com\\\/contactez-nous\\\/\",\"url\":\"https:\\\/\\\/dorine-decayeux.com\\\/contactez-nous\\\/\",\"name\":\"Contactez-nous - Dorine Decayeux\",\"isPartOf\":{\"@id\":\"https:\\\/\\\/dorine-decayeux.com\\\/#website\"},\"datePublished\":\"2020-06-09T16:45:50+00:00\",\"dateModified\":\"2023-05-29T17:56:19+00:00\",\"breadcrumb\":{\"@id\":\"https:\\\/\\\/dorine-decayeux.com\\\/contactez-nous\\\/#breadcrumb\"},\"inLanguage\":\"en-GB\",\"potentialAction\":[{\"@type\":\"ReadAction\",\"target\":[\"https:\\\/\\\/dorine-decayeux.com\\\/contactez-nous\\\/\"]}]},{\"@type\":\"BreadcrumbList\",\"@id\":\"https:\\\/\\\/dorine-decayeux.com\\\/contactez-nous\\\/#breadcrumb\",\"itemListElement\":[{\"@type\":\"ListItem\",\"position\":1,\"name\":\"Accueil\",\"item\":\"https:\\\/\\\/dorine-decayeux.com\\\/en\\\/\"},{\"@type\":\"ListItem\",\"position\":2,\"name\":\"Contactez-nous\"}]},{\"@type\":\"WebSite\",\"@id\":\"https:\\\/\\\/dorine-decayeux.com\\\/#website\",\"url\":\"https:\\\/\\\/dorine-decayeux.com\\\/\",\"name\":\"Vlum\",\"description\":\"French Handmade Jewelry\",\"publisher\":{\"@id\":\"https:\\\/\\\/dorine-decayeux.com\\\/#organization\"},\"potentialAction\":[{\"@type\":\"SearchAction\",\"target\":{\"@type\":\"EntryPoint\",\"urlTemplate\":\"https:\\\/\\\/dorine-decayeux.com\\\/?s={search_term_string}\"},\"query-input\":{\"@type\":\"PropertyValueSpecification\",\"valueRequired\":true,\"valueName\":\"search_term_string\"}}],\"inLanguage\":\"en-GB\"},{\"@type\":\"Organization\",\"@id\":\"https:\\\/\\\/dorine-decayeux.com\\\/#organization\",\"name\":\"Vlum\",\"url\":\"https:\\\/\\\/dorine-decayeux.com\\\/\",\"logo\":{\"@type\":\"ImageObject\",\"inLanguage\":\"en-GB\",\"@id\":\"https:\\\/\\\/dorine-decayeux.com\\\/#\\\/schema\\\/logo\\\/image\\\/\",\"url\":\"https:\\\/\\\/dorine-decayeux.com\\\/wp-content\\\/uploads\\\/2023\\\/04\\\/cropped-cropped-Logo2023-Moyen-vert-scaled.png\",\"contentUrl\":\"https:\\\/\\\/dorine-decayeux.com\\\/wp-content\\\/uploads\\\/2023\\\/04\\\/cropped-cropped-Logo2023-Moyen-vert-scaled.png\",\"width\":2560,\"height\":1227,\"caption\":\"Vlum\"},\"image\":{\"@id\":\"https:\\\/\\\/dorine-decayeux.com\\\/#\\\/schema\\\/logo\\\/image\\\/\"},\"sameAs\":[\"https:\\\/\\\/www.facebook.com\\\/vlum.fr\\\/\"]}]}<\/script>\n<!-- \/ Yoast SEO plugin. -->","yoast_head_json":{"title":"Contactez-nous - Dorine Decayeux","robots":{"index":"index","follow":"follow","max-snippet":"max-snippet:-1","max-image-preview":"max-image-preview:large","max-video-preview":"max-video-preview:-1"},"canonical":"https:\/\/dorine-decayeux.com\/en\/contactez-nous\/","og_locale":"en_GB","og_type":"article","og_title":"Contactez-nous - Dorine Decayeux","og_description":"Une question, un besoin sur-mesure, devenir revendeur? Nous \u00e9tudions vos demandes de pi\u00e8ces sur-mesure, d&rsquo;adaptation de boucles pour oreilles non perc\u00e9s, de montures en m\u00e9tal argent\u00e9 o\u00f9 encore de collaborations&#8230;.\u00a0 Contactez-nous \u00e0 l&rsquo;adresse: \u00a0contact@vlum.fr LISTE DES REVENDEURS FRANCE\u00a0 St QUENTIN LA POTERIE &#8211; Galerie Terra Viva14 rue de la fontaine [&hellip;]","og_url":"https:\/\/dorine-decayeux.com\/en\/contactez-nous\/","og_site_name":"Dorine Decayeux","article_publisher":"https:\/\/www.facebook.com\/vlum.fr\/","article_modified_time":"2023-05-29T17:56:19+00:00","twitter_card":"summary_large_image","twitter_misc":{"Estimated reading time":"1 minute"},"schema":{"@context":"https:\/\/schema.org","@graph":[{"@type":"WebPage","@id":"https:\/\/dorine-decayeux.com\/contactez-nous\/","url":"https:\/\/dorine-decayeux.com\/contactez-nous\/","name":"Contactez-nous - Dorine Decayeux","isPartOf":{"@id":"https:\/\/dorine-decayeux.com\/#website"},"datePublished":"2020-06-09T16:45:50+00:00","dateModified":"2023-05-29T17:56:19+00:00","breadcrumb":{"@id":"https:\/\/dorine-decayeux.com\/contactez-nous\/#breadcrumb"},"inLanguage":"en-GB","potentialAction":[{"@type":"ReadAction","target":["https:\/\/dorine-decayeux.com\/contactez-nous\/"]}]},{"@type":"BreadcrumbList","@id":"https:\/\/dorine-decayeux.com\/contactez-nous\/#breadcrumb","itemListElement":[{"@type":"ListItem","position":1,"name":"Accueil","item":"https:\/\/dorine-decayeux.com\/en\/"},{"@type":"ListItem","position":2,"name":"Contactez-nous"}]},{"@type":"WebSite","@id":"https:\/\/dorine-decayeux.com\/#website","url":"https:\/\/dorine-decayeux.com\/","name":"Vlum","description":"French Handmade Jewelry","publisher":{"@id":"https:\/\/dorine-decayeux.com\/#organization"},"potentialAction":[{"@type":"SearchAction","target":{"@type":"EntryPoint","urlTemplate":"https:\/\/dorine-decayeux.com\/?s={search_term_string}"},"query-input":{"@type":"PropertyValueSpecification","valueRequired":true,"valueName":"search_term_string"}}],"inLanguage":"en-GB"},{"@type":"Organization","@id":"https:\/\/dorine-decayeux.com\/#organization","name":"Vlum","url":"https:\/\/dorine-decayeux.com\/","logo":{"@type":"ImageObject","inLanguage":"en-GB","@id":"https:\/\/dorine-decayeux.com\/#\/schema\/logo\/image\/","url":"https:\/\/dorine-decayeux.com\/wp-content\/uploads\/2023\/04\/cropped-cropped-Logo2023-Moyen-vert-scaled.png","contentUrl":"https:\/\/dorine-decayeux.com\/wp-content\/uploads\/2023\/04\/cropped-cropped-Logo2023-Moyen-vert-scaled.png","width":2560,"height":1227,"caption":"Vlum"},"image":{"@id":"https:\/\/dorine-decayeux.com\/#\/schema\/logo\/image\/"},"sameAs":["https:\/\/www.facebook.com\/vlum.fr\/"]}]}},"_links":{"self":[{"href":"https:\/\/dorine-decayeux.com\/en\/wp-json\/wp\/v2\/pages\/3581","targetHints":{"allow":["GET"]}}],"collection":[{"href":"https:\/\/dorine-decayeux.com\/en\/wp-json\/wp\/v2\/pages"}],"about":[{"href":"https:\/\/dorine-decayeux.com\/en\/wp-json\/wp\/v2\/types\/page"}],"author":[{"embeddable":true,"href":"https:\/\/dorine-decayeux.com\/en\/wp-json\/wp\/v2\/users\/565"}],"replies":[{"embeddable":true,"href":"https:\/\/dorine-decayeux.com\/en\/wp-json\/wp\/v2\/comments?post=3581"}],"version-history":[{"count":0,"href":"https:\/\/dorine-decayeux.com\/en\/wp-json\/wp\/v2\/pages\/3581\/revisions"}],"wp:attachment":[{"href":"https:\/\/dorine-decayeux.com\/en\/wp-json\/wp\/v2\/media?parent=3581"}],"curies":[{"name":"wp","href":"https:\/\/api.w.org\/{rel}","templated":true}]}}