{"id":3694,"date":"2020-06-25T14:57:19","date_gmt":"2020-06-25T12:57:19","guid":{"rendered":"http:\/\/sc4uzmq4768.universe.wf\/?page_id=3694"},"modified":"2024-05-27T21:46:43","modified_gmt":"2024-05-27T19:46:43","slug":"mentions-legales","status":"publish","type":"page","link":"https:\/\/dorine-decayeux.com\/en\/mentions-legales\/","title":{"rendered":"Legal Notice"},"content":{"rendered":"<div data-elementor-type=\"wp-page\" data-elementor-id=\"3694\" class=\"elementor elementor-3694\" data-elementor-settings=\"{&quot;ha_cmc_init_switcher&quot;:&quot;no&quot;}\" data-elementor-post-type=\"page\">\n\t\t\t\t\t\t<section class=\"elementor-section elementor-top-section elementor-element elementor-element-2434e75 elementor-section-boxed elementor-section-height-default elementor-section-height-default\" data-id=\"2434e75\" data-element_type=\"section\" data-e-type=\"section\" data-settings=\"{&quot;_ha_eqh_enable&quot;:false}\">\n\t\t\t\t\t\t<div class=\"elementor-container elementor-column-gap-default\">\n\t\t\t\t\t<div class=\"elementor-column elementor-col-100 elementor-top-column elementor-element elementor-element-5f63692\" data-id=\"5f63692\" data-element_type=\"column\" data-e-type=\"column\">\n\t\t\t<div class=\"elementor-widget-wrap elementor-element-populated\">\n\t\t\t\t\t\t<div class=\"elementor-element elementor-element-0f05b0f elementor-widget-divider--view-line_text elementor-widget-divider--element-align-center elementor-widget elementor-widget-divider\" data-id=\"0f05b0f\" data-element_type=\"widget\" data-e-type=\"widget\" data-widget_type=\"divider.default\">\n\t\t\t\t<div class=\"elementor-widget-container\">\n\t\t\t\t\t\t\t<div class=\"elementor-divider\">\n\t\t\t<span class=\"elementor-divider-separator\">\n\t\t\t\t\t\t\t<span class=\"elementor-divider__text elementor-divider__element\">\n\t\t\t\tMentions l\u00e9gales &amp; <br>Politique de confidentialit\u00e9\t\t\t\t<\/span>\n\t\t\t\t\t\t<\/span>\n\t\t<\/div>\n\t\t\t\t\t\t<\/div>\n\t\t\t\t<\/div>\n\t\t\t\t<div class=\"elementor-element elementor-element-5b46a53 elementor-widget elementor-widget-text-editor\" data-id=\"5b46a53\" data-element_type=\"widget\" data-e-type=\"widget\" data-widget_type=\"text-editor.default\">\n\t\t\t\t<div class=\"elementor-widget-container\">\n\t\t\t\t\t\t\t\t\t<p>VLUM est une marque d\u00e9pos\u00e9e \u00e0 l&rsquo;INPI. Elle est la&nbsp; propri\u00e9t\u00e9e de Mme Dorine Decayeux sous la form d&rsquo;une EURL et est immatricul\u00e9e au R\u00e9pertoire des Entreprises sous le num\u00e9ro SIREN 830 934 527 00011.<\/p>\n<p>Vous pouvez nous contacter \u00e0 l&rsquo;adresse : contact@vlum.fr<\/p>\n<p>L&rsquo;entreprise VLUM est domicili\u00e9e \u00e0 La Grand Molo 09230 Montardit FRANCE<\/p>\n<p>Directeur de la publication : Dorine Decayeux.<\/p>\n<p>Le site Vlum.fr est h\u00e9berg\u00e9 par O2switch, 222-224 Boulevard Gustave Flaubert 63000 Clermont-Ferrand (num\u00e9ro de t\u00e9l\u00e9phone 0444446040), SIRET : 510 909 807 00024.<\/p>\n<p>Des cookies sont susceptibles d\u2019\u00eatre install\u00e9s sur votre poste, anonymes, \u00e0 des fins purement statistiques. Aucune donn\u00e9e personnelle n\u2019est collect\u00e9e. Vous avez la possibilit\u00e9 de refuser ce d\u00e9p\u00f4t via la configuration de votre navigateur internet, quel qu\u2019il soit.<\/p>\n<p>Vlum.fr ne proc\u00e8de \u00e0 aucune collecte de donn\u00e9es personnelles \u00e0 d\u2019autres fins que celle l\u00e9gitime du traitement des commandes et de l\u2019envoi d\u2019informations concernant Vlum.fr (news, promotions). Vous avez la possibilit\u00e9 de vous y opposer \u00e0 tout moment et sur simple demande \u00e0 contact (at) vlum (point) fr; merci de remplacer (at) et (point) par son contenu.<\/p>\n<p>Vous disposez d&rsquo;un droit d\u2019acc\u00e8s, de modification, de rectification et de suppression des donn\u00e9es vous concernant Conform\u00e9ment \u00e0 la loi Informatique et Libert\u00e9s du 6 janvier 1978, article 34 de la loi 78-17.<\/p>\n<p>Vous pouvez acc\u00e9der aux donn\u00e9es vous concernant, les rectifier, demander leur effacement ou exercer votre droit \u00e0 la limitation du traitement de vos donn\u00e9es sur simple demande \u00e0 contact (at) vlum (point) fr; merci de remplacer (at) et (point) par son contenu.<\/p>\n<p>Consultez le site cnil.fr pour plus d\u2019informations sur vos droits.<\/p>\n<p>Toute reproduction du pr\u00e9sent site, m\u00eame partielle, est strictement interdite sans accord express de VLUM. Toutes les photographies sont prot\u00e9g\u00e9es par le droit d&rsquo;auteur et le non-respect de cette interdiction engage la responsabilit\u00e9 civile et p\u00e9nale du contrefacteur selon l&rsquo;article L 122.5 du Code de Propri\u00e9t\u00e9 Intellectuelle.<\/p>\n<p>La soci\u00e9t\u00e9 VLUM&nbsp;se r\u00e9serve le droit de modifier ou de corriger le contenu de son site \u00e0 tout moment et sans pr\u00e9avis.<\/p>\t\t\t\t\t\t\t\t<\/div>\n\t\t\t\t<\/div>\n\t\t\t\t<div class=\"elementor-element elementor-element-34c9de9 elementor-widget elementor-widget-shortcode\" data-id=\"34c9de9\" data-element_type=\"widget\" data-e-type=\"widget\" data-widget_type=\"shortcode.default\">\n\t\t\t\t<div class=\"elementor-widget-container\">\n\t\t\t\t\t\t\t<div class=\"elementor-shortcode\"><p id=\"matomo_opted_out_intro\" style=\"display:none;\">Opt-out complete; your visits to this website will not be recorded by the Web Analytics tool. Note that if you clear your cookies, delete the opt-out cookie, or if you change computers or Web browsers, you will need to perform the opt-out procedure again.<\/p><p id=\"matomo_opted_in_intro\" >You may choose to prevent this website from aggregating and analyzing the actions you take here. Doing so will protect your privacy, but will also prevent the owner from learning from your actions and creating a better experience for you and other users.<\/p><form action=\"\">\n        <input type=\"checkbox\" id=\"matomo_optout_checkbox\" checked=\"checked\"\/>\n        <label for=\"matomo_optout_checkbox\"><strong>\n        <span id=\"matomo_opted_in_label\" >You are not opted out. Uncheck this box to opt-out.<\/span>\n\t\t<span id=\"matomo_opted_out_label\" style=\"display:none;\">You are currently opted out. Check this box to opt-in.<\/span>\n        <\/strong><\/label><input type=\"hidden\" name=\"trp-form-language\" value=\"en\"\/><\/form><noscript><p><strong style=\"color: #ff0000;\">This opt out feature requires JavaScript.<\/strong><\/p><\/noscript><p id=\"matomo_outout_err_cookies\" style=\"display: none;\"><strong>The tracking opt-out feature requires cookies to be enabled.<\/strong><\/p><\/div>\n\t\t\t\t\t\t<\/div>\n\t\t\t\t<\/div>\n\t\t\t\t<div class=\"elementor-element elementor-element-21348cb elementor-widget elementor-widget-heading\" data-id=\"21348cb\" data-element_type=\"widget\" data-e-type=\"widget\" data-widget_type=\"heading.default\">\n\t\t\t\t<div class=\"elementor-widget-container\">\n\t\t\t\t\t<h2 class=\"elementor-heading-title elementor-size-default\">Conditions G\u00e9n\u00e9rales de Vente<\/h2>\t\t\t\t<\/div>\n\t\t\t\t<\/div>\n\t\t\t\t\t<\/div>\n\t\t<\/div>\n\t\t\t\t\t<\/div>\n\t\t<\/section>\n\t\t\t\t<section class=\"elementor-section elementor-top-section elementor-element elementor-element-f001d86 elementor-section-boxed elementor-section-height-default elementor-section-height-default\" data-id=\"f001d86\" data-element_type=\"section\" data-e-type=\"section\" data-settings=\"{&quot;_ha_eqh_enable&quot;:false}\">\n\t\t\t\t\t\t<div class=\"elementor-container elementor-column-gap-default\">\n\t\t\t\t\t<div class=\"elementor-column elementor-col-100 elementor-top-column elementor-element elementor-element-364cbed\" data-id=\"364cbed\" data-element_type=\"column\" data-e-type=\"column\">\n\t\t\t<div class=\"elementor-widget-wrap elementor-element-populated\">\n\t\t\t\t\t\t<div class=\"elementor-element elementor-element-4aa2871 elementor-widget elementor-widget-text-editor\" data-id=\"4aa2871\" data-element_type=\"widget\" data-e-type=\"widget\" data-widget_type=\"text-editor.default\">\n\t\t\t\t<div class=\"elementor-widget-container\">\n\t\t\t\t\t\t\t\t\t<h3><\/h3><h3>Article 1 &#8211; Application des pr\u00e9sentes conditions de vente<\/h3><p>Le fait de passer commande sur le eshop www.vlum.fr implique l\u2019adh\u00e9sion enti\u00e8re et sans r\u00e9serve du client aux pr\u00e9sentes conditions de vente, \u00e0 l\u2019exclusion de tout autre document tel que prospectus, catalogues \u00e9mis par Vlum qui n\u2019ont qu\u2019une valeur indicative. Aucune condition particuli\u00e8re ne peut, sauf acception formelle ou \u00e9crite de la soci\u00e9t\u00e9 Vlum, pr\u00e9valoir sur les pr\u00e9sentes conditions.<\/p><h3>Article 2 \u2013 Prix<\/h3><p>Les prix de la soci\u00e9t\u00e9 Vlum sont libell\u00e9s en euros, toutes taxes comprises. Tout \u00e9ventuel imp\u00f4t, taxe, droit ou autre prestation \u00e0 payer en application des r\u00e8glements d\u2019un pays importateur ou d\u2019un pays de transit sont \u00e0 la charge du client.<\/p><h3>Article 3 &#8211; Confirmation des commandes<\/h3><p>Les commandes ne sont d\u00e9finitives que lorsque que le paiement correspondant a \u00e9t\u00e9 accept\u00e9 et confirm\u00e9 par un email adress\u00e9 au client. Toute modification ou r\u00e9solution de la commande demand\u00e9e par le client ne peut \u00eatre pris en consid\u00e9ration \u00e0 partir du moment o\u00f9 la commande est valid\u00e9e. Une facture sera envoy\u00e9e au client par email pour confirmer le d\u00e9tail de celle-ci.<\/p><h3>Article 4 \u2013 Paiement<\/h3><p>Le paiement des achats r\u00e9alis\u00e9s sur le eshop www.vlum.fr s\u2019effectue exclusivement par carte bancaire (Visa, Mastercard, American Express) par le biais du service Paypal ou Stripe. Paypal et Stripe sont des interm\u00e9diaires de paiement totalement s\u00e9curis\u00e9s (comme l\u2019atteste le symbole du cadenas dans la barre de navigation), ils permettent de payer avec une carte bancaire sans qu&rsquo;il soit n\u00e9cessaire de poss\u00e9der un compte PayPal ou Stripe.<\/p><h3>Article 5 &#8211; Transports et Livraisons<\/h3><p>La livraison est effectu\u00e9e soit par la remise directe du produit au client, soit par d\u00e9livrance \u00e0 un exp\u00e9diteur ou \u00e0 un transporteur dans les locaux de la soci\u00e9t\u00e9. Sauf indication contraire, les frais d\u2019exp\u00e9dition de la commande sont \u00e0 la charge du client et sont indiqu\u00e9s au moment de la prise de commande sur le site. La soci\u00e9t\u00e9 Vlum s\u2019engage \u00e0 envoyer la marchandise par colis suivi. Elle ne peut en aucun cas \u00eatre tenue responsable des \u00e9ventuels frais de douanes ou des \u00e9ventuels retards et blocages par les autorit\u00e9s du pays de destination. Le client recevra par e-mail le num\u00e9ro de suivi du colis afin d\u2018\u00eatre inform\u00e9 du d\u00e9part de celui-ci et d\u2018en assurer la r\u00e9ception. Les produits voyagent aux risques et p\u00e9rils du destinataire auquel il appartient, en cas d\u2018avaries ou de manquant, de faire toute constatation n\u00e9cessaire et de confirmer ses r\u00e9serves aupr\u00e8s du transporteur et des personnes responsables ou d\u2019exercer tout recours, dans les d\u00e9lais et formes requises. La soci\u00e9t\u00e9 VLum est lib\u00e9r\u00e9e de l\u2019obligation de livraison en cas de force majeure (la force majeure s&rsquo;entend de tout \u00e9v\u00e9nement ext\u00e9rieur, impr\u00e9visible et irr\u00e9sistible au sens de l&rsquo;article 1148 du Code civil) ou d\u2019\u00e9v\u00e9nement tels que mobilisation, guerre, gr\u00e8ve totale ou partielle, lockout, incendie, inondation ou retard, manque de mati\u00e8re premi\u00e8re ou tout autre cause entravant l\u2019activit\u00e9 de l\u2019entreprise ou de ses fournisseurs ou amenant un ch\u00f4mage partiel ou total pour l\u2019entreprise ou pour ses fournisseurs. En cas d\u2019arr\u00eat de fabrication de certains produits de nos fournisseurs, notre responsabilit\u00e9 ne saurait \u00eatre engag\u00e9e.<\/p><h3>Article 6 \u2013 D\u00e9lais de livraison<\/h3><p>Les bijoux Vlum sont le fruit d\u2019un travail manuel. Ils n\u00e9cessitent un temps de production incompressible et sont soumis \u00e0 des al\u00e9as. En cas de retard, la marque s\u2019engage \u00e0 contacter le client et \u00e0 le tenir inform\u00e9 de l\u2019\u00e9tat de sa commande.<\/p><h3>Article 7 &#8211; R\u00e9ception<\/h3><p>Sans pr\u00e9judice des dispositions \u00e0 prendre vis-\u00e0-vis du transporteur, les r\u00e9clamations sur les vices apparents ou sur la non conformit\u00e9 du produit livr\u00e9 par rapport aux produits command\u00e9s doivent \u00eatre formul\u00e9es par \u00e9crit sous huit jours \u00e0 compter de la r\u00e9ception des produits. Il appartient au client de fournir toute justification quand \u00e0 la r\u00e9alit\u00e9 des vices ou des anomalies constat\u00e9es. Il devra laisser \u00e0 la soci\u00e9t\u00e9 Vlum toute facilit\u00e9e pour proc\u00e9der \u00e0 la constatation de ces vices et pour y porter rem\u00e8de. Il s\u2019abstiendra d\u2019intervenir lui-m\u00eame ou de faire intervenir un tiers \u00e0 cette fin.<\/p><h3>Article 8 &#8211; Produits et D\u00e9clinaisons<\/h3><p>Les bijoux Vlum \u00e9tant fabriqu\u00e9s majoritairement \u00e0 la main, le client accepte que des diff\u00e9rences l\u00e9g\u00e8res puissent exister d\u2019un produit \u00e0 l\u2019autre au sein d\u2019une m\u00eame s\u00e9rie (la taille des volumes peut varier l\u00e9g\u00e8rement). Ces diff\u00e9rences ne peuvent en aucun cas constituer des vices ou des d\u00e9fauts de fabrication. La soci\u00e9t\u00e9 Vlum ne peut pas garantir l&rsquo;approvisionnement de la mati\u00e8re premi\u00e8re aux niveaux des couleurs, ainsi la soci\u00e9t\u00e9 Vlum s&rsquo;engage \u00e0 contacter le client pour lui proposer une solution alternative si elle se trouve en rupture de stock pour une couleur ou un composant, en proposant le remplacement de ou des l&rsquo;\u00e9l\u00e9ments manquants.<\/p><h3>Article 9 &#8211; Retours<\/h3><p>Conform\u00e9ment \u00e0 l\u2019article L121-21 du Code de la consommation, le client dispose d\u2019un d\u00e9lai de 14 jours suivant la r\u00e9ception de son achat pour se r\u00e9tracter. Il doit en avertir la marque Vlum par email \u00e0\u00a0contact@vlum.fr. Le client devra r\u00e9exp\u00e9dier la marchandise non utilis\u00e9e accompagn\u00e9 d\u2019un RIB au plus tard dans les 14 jours suivant l&rsquo;envoi de l\u2019email. Le produit devra \u00eatre retourn\u00e9 en Recommand\u00e9 \u00e0 Vlum, 64 rue Chapon, 75003 Paris. Seuls seront repris les produits renvoy\u00e9s dans leur emballage d&rsquo;origine et en parfait \u00e9tat. Conform\u00e9ment \u00e0 l\u2019article L121-21 du Code de la consommation, le remboursement interviendra par virement dans les 14 jours suivant la r\u00e9ception de la marchandise.<\/p><h3>Article 10 \u2013 Garantie<\/h3><p>Les bijoux Vlum sont garantis 1 an sous reserve d\u2019un usage normal du produit. En cas de d\u00e9faut, merci de contacter l\u2019atelier Vlum par telephone (+33 9 82 42 39 75) ou par email \u00e0 contact@vlum.fr. L\u2019atelier s\u2019engage \u00e0 r\u00e9parer, lorsque c\u2019est possible, ou remplacer le bijou d\u00e9fectueux. Les bijoux ayant d\u00e9ja subi des tentatives de reparation ou de modification de la part du client ou d\u2019un tiers ne pourront faire l\u2019objet d\u2019un remplacement.<br \/>Au-del\u00e0 de la dur\u00e9e de garantie, une demande de reparation pourra faire l\u2019objet d\u2019un devis de la part de l\u2019atelier Vlum.<\/p><h3>Article 11 \u2013 Donn\u00e9es Personnelles<\/h3><p>Conform\u00e9ment \u00e0 la loi Informatique et Libert\u00e9s, le e-shop Vlum s&rsquo;engage \u00e0 ne jamais divulguer \u00e0 des tiers aucune des informations personnelles demand\u00e9es dans le cadre des transactions effectu\u00e9es sur le site de vente en ligne www.vlum.fr.<\/p><h3>Article 12 \u2013 Droit de propri\u00e9t\u00e9<\/h3><p>Tous \u00e9l\u00e9ments pr\u00e9sents sur le site\u00a0www.vlum.fr\u00a0et en particulier sur sa section e-shop sont la propri\u00e9t\u00e9 de Vlum. Copyright\u00a0: Vlum. L&rsquo;utilisation, la reproduction, l&rsquo;exploitation ou la rediffusion \u00e0 quelque titre que ce soit, m\u00eame partiellement de tout \u00e9l\u00e9ment pr\u00e9sent sur ce site et ce e-shop est strictement interdite.<\/p><h3>Article 13 \u2013 Attribution de juridiction comp\u00e9tente<\/h3><p>En cas de litige, le droit applicable est le droit fran\u00e7ais. Le Tribunal de commerce de Paris est seul comp\u00e9tent, m\u00eame en cas de demande incidente, d\u2019appel en garantie ou de pluralit\u00e9 des d\u00e9fendeurs.<\/p>\t\t\t\t\t\t\t\t<\/div>\n\t\t\t\t<\/div>\n\t\t\t\t<div class=\"elementor-element elementor-element-c7a76f2 elementor-widget elementor-widget-heading\" data-id=\"c7a76f2\" data-element_type=\"widget\" data-e-type=\"widget\" data-widget_type=\"heading.default\">\n\t\t\t\t<div class=\"elementor-widget-container\">\n\t\t\t\t\t<h2 class=\"elementor-heading-title elementor-size-default\">Cr\u00e9dits<\/h2>\t\t\t\t<\/div>\n\t\t\t\t<\/div>\n\t\t\t\t<div class=\"elementor-element elementor-element-a029a60 elementor-widget elementor-widget-text-editor\" data-id=\"a029a60\" data-element_type=\"widget\" data-e-type=\"widget\" data-widget_type=\"text-editor.default\">\n\t\t\t\t<div class=\"elementor-widget-container\">\n\t\t\t\t\t\t\t\t\t<h4>Conception et r\u00e9alisation du site<\/h4><p>Agence Citypress &amp; Dorine Decayeux.<\/p><h4>Images, multim\u00e9dia<\/h4><p><em>Images : Alice Lemarin, Elodie Daguin, Cristina Porzio, Romain Prochain.\u00a0<\/em><em><\/em><\/p><p><em>vid\u00e9os : <\/em><span class=\"s1\">Agence Antinomia (<a href=\"https:\/\/antinomia.fr\">https:\/\/antinomia.fr<\/a>)<\/span><\/p>\t\t\t\t\t\t\t\t<\/div>\n\t\t\t\t<\/div>\n\t\t\t\t<section class=\"elementor-section elementor-inner-section elementor-element elementor-element-b7cdaf8 elementor-section-boxed elementor-section-height-default elementor-section-height-default\" data-id=\"b7cdaf8\" data-element_type=\"section\" data-e-type=\"section\" data-settings=\"{&quot;_ha_eqh_enable&quot;:false}\">\n\t\t\t\t\t\t<div class=\"elementor-container elementor-column-gap-default\">\n\t\t\t\t\t<div class=\"elementor-column elementor-col-50 elementor-inner-column elementor-element elementor-element-461e62b\" data-id=\"461e62b\" data-element_type=\"column\" data-e-type=\"column\">\n\t\t\t<div class=\"elementor-widget-wrap\">\n\t\t\t\t\t\t\t<\/div>\n\t\t<\/div>\n\t\t\t\t<div class=\"elementor-column elementor-col-50 elementor-inner-column elementor-element elementor-element-2384c55\" data-id=\"2384c55\" data-element_type=\"column\" data-e-type=\"column\">\n\t\t\t<div class=\"elementor-widget-wrap\">\n\t\t\t\t\t\t\t<\/div>\n\t\t<\/div>\n\t\t\t\t\t<\/div>\n\t\t<\/section>\n\t\t\t\t\t<\/div>\n\t\t<\/div>\n\t\t\t\t\t<\/div>\n\t\t<\/section>\n\t\t\t\t<\/div>","protected":false},"excerpt":{"rendered":"<p>Mentions l\u00e9gales &amp; Politique de confidentialit\u00e9 VLUM est une marque d\u00e9pos\u00e9e \u00e0 l&rsquo;INPI. Elle est la&nbsp; propri\u00e9t\u00e9e de Mme Dorine Decayeux sous la form d&rsquo;une EURL et est immatricul\u00e9e au R\u00e9pertoire des Entreprises sous le num\u00e9ro SIREN 830 934 527 00011. Vous pouvez nous contacter \u00e0 l&rsquo;adresse : contact@vlum.fr L&rsquo;entreprise [&hellip;]<\/p>","protected":false},"author":565,"featured_media":0,"parent":0,"menu_order":0,"comment_status":"closed","ping_status":"open","template":"elementor_header_footer","meta":{"footnotes":""},"class_list":["post-3694","page","type-page","status-publish","hentry"],"yoast_head":"<!-- This site is optimized with the Yoast SEO plugin v27.3 - https:\/\/yoast.com\/product\/yoast-seo-wordpress\/ -->\n<title>Mentions l\u00e9gales - Dorine Decayeux<\/title>\n<meta name=\"robots\" content=\"index, follow, max-snippet:-1, max-image-preview:large, max-video-preview:-1\" \/>\n<link rel=\"canonical\" href=\"https:\/\/dorine-decayeux.com\/en\/mentions-legales\/\" \/>\n<meta property=\"og:locale\" content=\"en_GB\" \/>\n<meta property=\"og:type\" content=\"article\" \/>\n<meta property=\"og:title\" content=\"Mentions l\u00e9gales - Dorine Decayeux\" \/>\n<meta property=\"og:description\" content=\"Mentions l\u00e9gales &amp; Politique de confidentialit\u00e9 VLUM est une marque d\u00e9pos\u00e9e \u00e0 l&rsquo;INPI. Elle est la&nbsp; propri\u00e9t\u00e9e de Mme Dorine Decayeux sous la form d&rsquo;une EURL et est immatricul\u00e9e au R\u00e9pertoire des Entreprises sous le num\u00e9ro SIREN 830 934 527 00011. Vous pouvez nous contacter \u00e0 l&rsquo;adresse : contact@vlum.fr L&rsquo;entreprise [&hellip;]\" \/>\n<meta property=\"og:url\" content=\"https:\/\/dorine-decayeux.com\/en\/mentions-legales\/\" \/>\n<meta property=\"og:site_name\" content=\"Dorine Decayeux\" \/>\n<meta property=\"article:publisher\" content=\"https:\/\/www.facebook.com\/vlum.fr\/\" \/>\n<meta property=\"article:modified_time\" content=\"2024-05-27T19:46:43+00:00\" \/>\n<meta name=\"twitter:card\" content=\"summary_large_image\" \/>\n<meta name=\"twitter:label1\" content=\"Estimated reading time\" \/>\n\t<meta name=\"twitter:data1\" content=\"8 minutes\" \/>\n<script type=\"application\/ld+json\" class=\"yoast-schema-graph\">{\"@context\":\"https:\\\/\\\/schema.org\",\"@graph\":[{\"@type\":\"WebPage\",\"@id\":\"https:\\\/\\\/dorine-decayeux.com\\\/mentions-legales\\\/\",\"url\":\"https:\\\/\\\/dorine-decayeux.com\\\/mentions-legales\\\/\",\"name\":\"Mentions l\u00e9gales - Dorine Decayeux\",\"isPartOf\":{\"@id\":\"https:\\\/\\\/dorine-decayeux.com\\\/#website\"},\"datePublished\":\"2020-06-25T12:57:19+00:00\",\"dateModified\":\"2024-05-27T19:46:43+00:00\",\"breadcrumb\":{\"@id\":\"https:\\\/\\\/dorine-decayeux.com\\\/mentions-legales\\\/#breadcrumb\"},\"inLanguage\":\"en-GB\",\"potentialAction\":[{\"@type\":\"ReadAction\",\"target\":[\"https:\\\/\\\/dorine-decayeux.com\\\/mentions-legales\\\/\"]}]},{\"@type\":\"BreadcrumbList\",\"@id\":\"https:\\\/\\\/dorine-decayeux.com\\\/mentions-legales\\\/#breadcrumb\",\"itemListElement\":[{\"@type\":\"ListItem\",\"position\":1,\"name\":\"Accueil\",\"item\":\"https:\\\/\\\/dorine-decayeux.com\\\/en\\\/\"},{\"@type\":\"ListItem\",\"position\":2,\"name\":\"Mentions l\u00e9gales\"}]},{\"@type\":\"WebSite\",\"@id\":\"https:\\\/\\\/dorine-decayeux.com\\\/#website\",\"url\":\"https:\\\/\\\/dorine-decayeux.com\\\/\",\"name\":\"Vlum\",\"description\":\"French Handmade Jewelry\",\"publisher\":{\"@id\":\"https:\\\/\\\/dorine-decayeux.com\\\/#organization\"},\"potentialAction\":[{\"@type\":\"SearchAction\",\"target\":{\"@type\":\"EntryPoint\",\"urlTemplate\":\"https:\\\/\\\/dorine-decayeux.com\\\/?s={search_term_string}\"},\"query-input\":{\"@type\":\"PropertyValueSpecification\",\"valueRequired\":true,\"valueName\":\"search_term_string\"}}],\"inLanguage\":\"en-GB\"},{\"@type\":\"Organization\",\"@id\":\"https:\\\/\\\/dorine-decayeux.com\\\/#organization\",\"name\":\"Vlum\",\"url\":\"https:\\\/\\\/dorine-decayeux.com\\\/\",\"logo\":{\"@type\":\"ImageObject\",\"inLanguage\":\"en-GB\",\"@id\":\"https:\\\/\\\/dorine-decayeux.com\\\/#\\\/schema\\\/logo\\\/image\\\/\",\"url\":\"https:\\\/\\\/dorine-decayeux.com\\\/wp-content\\\/uploads\\\/2023\\\/04\\\/cropped-cropped-Logo2023-Moyen-vert-scaled.png\",\"contentUrl\":\"https:\\\/\\\/dorine-decayeux.com\\\/wp-content\\\/uploads\\\/2023\\\/04\\\/cropped-cropped-Logo2023-Moyen-vert-scaled.png\",\"width\":2560,\"height\":1227,\"caption\":\"Vlum\"},\"image\":{\"@id\":\"https:\\\/\\\/dorine-decayeux.com\\\/#\\\/schema\\\/logo\\\/image\\\/\"},\"sameAs\":[\"https:\\\/\\\/www.facebook.com\\\/vlum.fr\\\/\"]}]}<\/script>\n<!-- \/ Yoast SEO plugin. -->","yoast_head_json":{"title":"Mentions l\u00e9gales - Dorine Decayeux","robots":{"index":"index","follow":"follow","max-snippet":"max-snippet:-1","max-image-preview":"max-image-preview:large","max-video-preview":"max-video-preview:-1"},"canonical":"https:\/\/dorine-decayeux.com\/en\/mentions-legales\/","og_locale":"en_GB","og_type":"article","og_title":"Mentions l\u00e9gales - Dorine Decayeux","og_description":"Mentions l\u00e9gales &amp; Politique de confidentialit\u00e9 VLUM est une marque d\u00e9pos\u00e9e \u00e0 l&rsquo;INPI. Elle est la&nbsp; propri\u00e9t\u00e9e de Mme Dorine Decayeux sous la form d&rsquo;une EURL et est immatricul\u00e9e au R\u00e9pertoire des Entreprises sous le num\u00e9ro SIREN 830 934 527 00011. Vous pouvez nous contacter \u00e0 l&rsquo;adresse : contact@vlum.fr L&rsquo;entreprise [&hellip;]","og_url":"https:\/\/dorine-decayeux.com\/en\/mentions-legales\/","og_site_name":"Dorine Decayeux","article_publisher":"https:\/\/www.facebook.com\/vlum.fr\/","article_modified_time":"2024-05-27T19:46:43+00:00","twitter_card":"summary_large_image","twitter_misc":{"Estimated reading time":"8 minutes"},"schema":{"@context":"https:\/\/schema.org","@graph":[{"@type":"WebPage","@id":"https:\/\/dorine-decayeux.com\/mentions-legales\/","url":"https:\/\/dorine-decayeux.com\/mentions-legales\/","name":"Mentions l\u00e9gales - Dorine Decayeux","isPartOf":{"@id":"https:\/\/dorine-decayeux.com\/#website"},"datePublished":"2020-06-25T12:57:19+00:00","dateModified":"2024-05-27T19:46:43+00:00","breadcrumb":{"@id":"https:\/\/dorine-decayeux.com\/mentions-legales\/#breadcrumb"},"inLanguage":"en-GB","potentialAction":[{"@type":"ReadAction","target":["https:\/\/dorine-decayeux.com\/mentions-legales\/"]}]},{"@type":"BreadcrumbList","@id":"https:\/\/dorine-decayeux.com\/mentions-legales\/#breadcrumb","itemListElement":[{"@type":"ListItem","position":1,"name":"Accueil","item":"https:\/\/dorine-decayeux.com\/en\/"},{"@type":"ListItem","position":2,"name":"Mentions l\u00e9gales"}]},{"@type":"WebSite","@id":"https:\/\/dorine-decayeux.com\/#website","url":"https:\/\/dorine-decayeux.com\/","name":"Vlum","description":"French Handmade Jewelry","publisher":{"@id":"https:\/\/dorine-decayeux.com\/#organization"},"potentialAction":[{"@type":"SearchAction","target":{"@type":"EntryPoint","urlTemplate":"https:\/\/dorine-decayeux.com\/?s={search_term_string}"},"query-input":{"@type":"PropertyValueSpecification","valueRequired":true,"valueName":"search_term_string"}}],"inLanguage":"en-GB"},{"@type":"Organization","@id":"https:\/\/dorine-decayeux.com\/#organization","name":"Vlum","url":"https:\/\/dorine-decayeux.com\/","logo":{"@type":"ImageObject","inLanguage":"en-GB","@id":"https:\/\/dorine-decayeux.com\/#\/schema\/logo\/image\/","url":"https:\/\/dorine-decayeux.com\/wp-content\/uploads\/2023\/04\/cropped-cropped-Logo2023-Moyen-vert-scaled.png","contentUrl":"https:\/\/dorine-decayeux.com\/wp-content\/uploads\/2023\/04\/cropped-cropped-Logo2023-Moyen-vert-scaled.png","width":2560,"height":1227,"caption":"Vlum"},"image":{"@id":"https:\/\/dorine-decayeux.com\/#\/schema\/logo\/image\/"},"sameAs":["https:\/\/www.facebook.com\/vlum.fr\/"]}]}},"_links":{"self":[{"href":"https:\/\/dorine-decayeux.com\/en\/wp-json\/wp\/v2\/pages\/3694","targetHints":{"allow":["GET"]}}],"collection":[{"href":"https:\/\/dorine-decayeux.com\/en\/wp-json\/wp\/v2\/pages"}],"about":[{"href":"https:\/\/dorine-decayeux.com\/en\/wp-json\/wp\/v2\/types\/page"}],"author":[{"embeddable":true,"href":"https:\/\/dorine-decayeux.com\/en\/wp-json\/wp\/v2\/users\/565"}],"replies":[{"embeddable":true,"href":"https:\/\/dorine-decayeux.com\/en\/wp-json\/wp\/v2\/comments?post=3694"}],"version-history":[{"count":0,"href":"https:\/\/dorine-decayeux.com\/en\/wp-json\/wp\/v2\/pages\/3694\/revisions"}],"wp:attachment":[{"href":"https:\/\/dorine-decayeux.com\/en\/wp-json\/wp\/v2\/media?parent=3694"}],"curies":[{"name":"wp","href":"https:\/\/api.w.org\/{rel}","templated":true}]}}