{"id":1227,"date":"2017-11-20T00:40:08","date_gmt":"2017-11-19T23:40:08","guid":{"rendered":"http:\/\/sc4uzmq4768.universe.wf\/?post_type=product&#038;p=1227"},"modified":"2026-01-08T17:06:36","modified_gmt":"2026-01-08T16:06:36","slug":"long-collier-pineux","status":"publish","type":"product","link":"https:\/\/dorine-decayeux.com\/en\/product\/long-collier-pineux\/","title":{"rendered":"\u00c9pineux Long Neckalace"},"content":{"rendered":"","protected":false},"excerpt":{"rendered":"<p>Like a bunch of fruits, the elements of this necklace reveal harmony. Jewel composed of braided Nylon threads and brass frames gilded with 24k fine gold.<\/p>","protected":false},"featured_media":5496,"template":"","meta":[],"product_brand":[],"product_cat":[47],"product_tag":[103,104,98,97],"class_list":{"0":"post-1227","1":"product","2":"type-product","3":"status-publish","4":"has-post-thumbnail","6":"product_cat-epineuse","7":"product_tag-colliers","8":"product_tag-epineux","9":"product_tag-laiton-plaque","10":"product_tag-nylon-tresses","12":"first","13":"instock","14":"shipping-taxable","15":"purchasable","16":"product-type-variable","17":"wvs-archive-product-wrapper"},"yoast_head":"<!-- This site is optimized with the Yoast SEO plugin v27.3 - https:\/\/yoast.com\/product\/yoast-seo-wordpress\/ -->\n<title>Long Collier \u00c9pineux - Dorine Decayeux<\/title>\n<meta name=\"description\" content=\"cr\u00e9ateur-bijoux-couleurs-volume-nylon-fantaisie-artisanal-l\u00e9ger-made-in-france-design-mati\u00e8re-texture-textile-paris-artisanat-fait main-collier\" \/>\n<meta name=\"robots\" content=\"index, follow, max-snippet:-1, max-image-preview:large, max-video-preview:-1\" \/>\n<link rel=\"canonical\" href=\"https:\/\/dorine-decayeux.com\/en\/product\/long-collier-pineux\/\" \/>\n<meta property=\"og:locale\" content=\"en_GB\" \/>\n<meta property=\"og:type\" content=\"article\" \/>\n<meta property=\"og:title\" content=\"Long Collier \u00c9pineux - Dorine Decayeux\" \/>\n<meta property=\"og:description\" content=\"cr\u00e9ateur-bijoux-couleurs-volume-nylon-fantaisie-artisanal-l\u00e9ger-made-in-france-design-mati\u00e8re-texture-textile-paris-artisanat-fait main-collier\" \/>\n<meta property=\"og:url\" content=\"https:\/\/dorine-decayeux.com\/en\/product\/long-collier-pineux\/\" \/>\n<meta property=\"og:site_name\" content=\"Dorine Decayeux\" \/>\n<meta property=\"article:publisher\" content=\"https:\/\/www.facebook.com\/vlum.fr\/\" \/>\n<meta property=\"article:modified_time\" content=\"2026-01-08T16:06:36+00:00\" \/>\n<meta property=\"og:image\" content=\"https:\/\/dorine-decayeux.com\/wp-content\/uploads\/2017\/11\/E06OR_ALL_01.jpg\" \/>\n\t<meta property=\"og:image:width\" content=\"2000\" \/>\n\t<meta property=\"og:image:height\" content=\"2000\" \/>\n\t<meta property=\"og:image:type\" content=\"image\/jpeg\" \/>\n<meta name=\"twitter:card\" content=\"summary_large_image\" \/>\n<meta name=\"twitter:label1\" content=\"Estimated reading time\" \/>\n\t<meta name=\"twitter:data1\" content=\"1 minute\" \/>\n<script type=\"application\/ld+json\" class=\"yoast-schema-graph\">{\"@context\":\"https:\\\/\\\/schema.org\",\"@graph\":[{\"@type\":\"WebPage\",\"@id\":\"https:\\\/\\\/dorine-decayeux.com\\\/produit\\\/long-collier-pineux\\\/\",\"url\":\"https:\\\/\\\/dorine-decayeux.com\\\/produit\\\/long-collier-pineux\\\/\",\"name\":\"Long Collier \u00c9pineux - Dorine Decayeux\",\"isPartOf\":{\"@id\":\"https:\\\/\\\/dorine-decayeux.com\\\/#website\"},\"primaryImageOfPage\":{\"@id\":\"https:\\\/\\\/dorine-decayeux.com\\\/produit\\\/long-collier-pineux\\\/#primaryimage\"},\"image\":{\"@id\":\"https:\\\/\\\/dorine-decayeux.com\\\/produit\\\/long-collier-pineux\\\/#primaryimage\"},\"thumbnailUrl\":\"https:\\\/\\\/dorine-decayeux.com\\\/wp-content\\\/uploads\\\/2017\\\/11\\\/E06OR_ALL_01.jpg\",\"datePublished\":\"2017-11-19T23:40:08+00:00\",\"dateModified\":\"2026-01-08T16:06:36+00:00\",\"description\":\"cr\u00e9ateur-bijoux-couleurs-volume-nylon-fantaisie-artisanal-l\u00e9ger-made-in-france-design-mati\u00e8re-texture-textile-paris-artisanat-fait main-collier\",\"breadcrumb\":{\"@id\":\"https:\\\/\\\/dorine-decayeux.com\\\/produit\\\/long-collier-pineux\\\/#breadcrumb\"},\"inLanguage\":\"en-GB\",\"potentialAction\":[{\"@type\":\"ReadAction\",\"target\":[\"https:\\\/\\\/dorine-decayeux.com\\\/produit\\\/long-collier-pineux\\\/\"]}]},{\"@type\":\"ImageObject\",\"inLanguage\":\"en-GB\",\"@id\":\"https:\\\/\\\/dorine-decayeux.com\\\/produit\\\/long-collier-pineux\\\/#primaryimage\",\"url\":\"https:\\\/\\\/dorine-decayeux.com\\\/wp-content\\\/uploads\\\/2017\\\/11\\\/E06OR_ALL_01.jpg\",\"contentUrl\":\"https:\\\/\\\/dorine-decayeux.com\\\/wp-content\\\/uploads\\\/2017\\\/11\\\/E06OR_ALL_01.jpg\",\"width\":2000,\"height\":2000},{\"@type\":\"BreadcrumbList\",\"@id\":\"https:\\\/\\\/dorine-decayeux.com\\\/produit\\\/long-collier-pineux\\\/#breadcrumb\",\"itemListElement\":[{\"@type\":\"ListItem\",\"position\":1,\"name\":\"Accueil\",\"item\":\"https:\\\/\\\/dorine-decayeux.com\\\/en\\\/\"},{\"@type\":\"ListItem\",\"position\":2,\"name\":\"Produits\",\"item\":\"https:\\\/\\\/dorine-decayeux.com\\\/shop\\\/\"},{\"@type\":\"ListItem\",\"position\":3,\"name\":\"Long Collier \u00c9pineux\"}]},{\"@type\":\"WebSite\",\"@id\":\"https:\\\/\\\/dorine-decayeux.com\\\/#website\",\"url\":\"https:\\\/\\\/dorine-decayeux.com\\\/\",\"name\":\"Vlum\",\"description\":\"French Handmade Jewelry\",\"publisher\":{\"@id\":\"https:\\\/\\\/dorine-decayeux.com\\\/#organization\"},\"potentialAction\":[{\"@type\":\"SearchAction\",\"target\":{\"@type\":\"EntryPoint\",\"urlTemplate\":\"https:\\\/\\\/dorine-decayeux.com\\\/?s={search_term_string}\"},\"query-input\":{\"@type\":\"PropertyValueSpecification\",\"valueRequired\":true,\"valueName\":\"search_term_string\"}}],\"inLanguage\":\"en-GB\"},{\"@type\":\"Organization\",\"@id\":\"https:\\\/\\\/dorine-decayeux.com\\\/#organization\",\"name\":\"Vlum\",\"url\":\"https:\\\/\\\/dorine-decayeux.com\\\/\",\"logo\":{\"@type\":\"ImageObject\",\"inLanguage\":\"en-GB\",\"@id\":\"https:\\\/\\\/dorine-decayeux.com\\\/#\\\/schema\\\/logo\\\/image\\\/\",\"url\":\"https:\\\/\\\/dorine-decayeux.com\\\/wp-content\\\/uploads\\\/2023\\\/04\\\/cropped-cropped-Logo2023-Moyen-vert-scaled.png\",\"contentUrl\":\"https:\\\/\\\/dorine-decayeux.com\\\/wp-content\\\/uploads\\\/2023\\\/04\\\/cropped-cropped-Logo2023-Moyen-vert-scaled.png\",\"width\":2560,\"height\":1227,\"caption\":\"Vlum\"},\"image\":{\"@id\":\"https:\\\/\\\/dorine-decayeux.com\\\/#\\\/schema\\\/logo\\\/image\\\/\"},\"sameAs\":[\"https:\\\/\\\/www.facebook.com\\\/vlum.fr\\\/\"]}]}<\/script>\n<!-- \/ Yoast SEO plugin. -->","yoast_head_json":{"title":"Long Collier \u00c9pineux - Dorine Decayeux","description":"cr\u00e9ateur-bijoux-couleurs-volume-nylon-fantaisie-artisanal-l\u00e9ger-made-in-france-design-mati\u00e8re-texture-textile-paris-artisanat-fait main-collier","robots":{"index":"index","follow":"follow","max-snippet":"max-snippet:-1","max-image-preview":"max-image-preview:large","max-video-preview":"max-video-preview:-1"},"canonical":"https:\/\/dorine-decayeux.com\/en\/product\/long-collier-pineux\/","og_locale":"en_GB","og_type":"article","og_title":"Long Collier \u00c9pineux - Dorine Decayeux","og_description":"cr\u00e9ateur-bijoux-couleurs-volume-nylon-fantaisie-artisanal-l\u00e9ger-made-in-france-design-mati\u00e8re-texture-textile-paris-artisanat-fait main-collier","og_url":"https:\/\/dorine-decayeux.com\/en\/product\/long-collier-pineux\/","og_site_name":"Dorine Decayeux","article_publisher":"https:\/\/www.facebook.com\/vlum.fr\/","article_modified_time":"2026-01-08T16:06:36+00:00","og_image":[{"width":2000,"height":2000,"url":"https:\/\/dorine-decayeux.com\/wp-content\/uploads\/2017\/11\/E06OR_ALL_01.jpg","type":"image\/jpeg"}],"twitter_card":"summary_large_image","twitter_misc":{"Estimated reading time":"1 minute"},"schema":{"@context":"https:\/\/schema.org","@graph":[{"@type":"WebPage","@id":"https:\/\/dorine-decayeux.com\/produit\/long-collier-pineux\/","url":"https:\/\/dorine-decayeux.com\/produit\/long-collier-pineux\/","name":"Long Collier \u00c9pineux - Dorine Decayeux","isPartOf":{"@id":"https:\/\/dorine-decayeux.com\/#website"},"primaryImageOfPage":{"@id":"https:\/\/dorine-decayeux.com\/produit\/long-collier-pineux\/#primaryimage"},"image":{"@id":"https:\/\/dorine-decayeux.com\/produit\/long-collier-pineux\/#primaryimage"},"thumbnailUrl":"https:\/\/dorine-decayeux.com\/wp-content\/uploads\/2017\/11\/E06OR_ALL_01.jpg","datePublished":"2017-11-19T23:40:08+00:00","dateModified":"2026-01-08T16:06:36+00:00","description":"cr\u00e9ateur-bijoux-couleurs-volume-nylon-fantaisie-artisanal-l\u00e9ger-made-in-france-design-mati\u00e8re-texture-textile-paris-artisanat-fait main-collier","breadcrumb":{"@id":"https:\/\/dorine-decayeux.com\/produit\/long-collier-pineux\/#breadcrumb"},"inLanguage":"en-GB","potentialAction":[{"@type":"ReadAction","target":["https:\/\/dorine-decayeux.com\/produit\/long-collier-pineux\/"]}]},{"@type":"ImageObject","inLanguage":"en-GB","@id":"https:\/\/dorine-decayeux.com\/produit\/long-collier-pineux\/#primaryimage","url":"https:\/\/dorine-decayeux.com\/wp-content\/uploads\/2017\/11\/E06OR_ALL_01.jpg","contentUrl":"https:\/\/dorine-decayeux.com\/wp-content\/uploads\/2017\/11\/E06OR_ALL_01.jpg","width":2000,"height":2000},{"@type":"BreadcrumbList","@id":"https:\/\/dorine-decayeux.com\/produit\/long-collier-pineux\/#breadcrumb","itemListElement":[{"@type":"ListItem","position":1,"name":"Accueil","item":"https:\/\/dorine-decayeux.com\/en\/"},{"@type":"ListItem","position":2,"name":"Produits","item":"https:\/\/dorine-decayeux.com\/shop\/"},{"@type":"ListItem","position":3,"name":"Long Collier \u00c9pineux"}]},{"@type":"WebSite","@id":"https:\/\/dorine-decayeux.com\/#website","url":"https:\/\/dorine-decayeux.com\/","name":"Vlum","description":"French Handmade Jewelry","publisher":{"@id":"https:\/\/dorine-decayeux.com\/#organization"},"potentialAction":[{"@type":"SearchAction","target":{"@type":"EntryPoint","urlTemplate":"https:\/\/dorine-decayeux.com\/?s={search_term_string}"},"query-input":{"@type":"PropertyValueSpecification","valueRequired":true,"valueName":"search_term_string"}}],"inLanguage":"en-GB"},{"@type":"Organization","@id":"https:\/\/dorine-decayeux.com\/#organization","name":"Vlum","url":"https:\/\/dorine-decayeux.com\/","logo":{"@type":"ImageObject","inLanguage":"en-GB","@id":"https:\/\/dorine-decayeux.com\/#\/schema\/logo\/image\/","url":"https:\/\/dorine-decayeux.com\/wp-content\/uploads\/2023\/04\/cropped-cropped-Logo2023-Moyen-vert-scaled.png","contentUrl":"https:\/\/dorine-decayeux.com\/wp-content\/uploads\/2023\/04\/cropped-cropped-Logo2023-Moyen-vert-scaled.png","width":2560,"height":1227,"caption":"Vlum"},"image":{"@id":"https:\/\/dorine-decayeux.com\/#\/schema\/logo\/image\/"},"sameAs":["https:\/\/www.facebook.com\/vlum.fr\/"]}]}},"_links":{"self":[{"href":"https:\/\/dorine-decayeux.com\/en\/wp-json\/wp\/v2\/product\/1227","targetHints":{"allow":["GET"]}}],"collection":[{"href":"https:\/\/dorine-decayeux.com\/en\/wp-json\/wp\/v2\/product"}],"about":[{"href":"https:\/\/dorine-decayeux.com\/en\/wp-json\/wp\/v2\/types\/product"}],"wp:featuredmedia":[{"embeddable":true,"href":"https:\/\/dorine-decayeux.com\/en\/wp-json\/wp\/v2\/media\/5496"}],"wp:attachment":[{"href":"https:\/\/dorine-decayeux.com\/en\/wp-json\/wp\/v2\/media?parent=1227"}],"wp:term":[{"taxonomy":"product_brand","embeddable":true,"href":"https:\/\/dorine-decayeux.com\/en\/wp-json\/wp\/v2\/product_brand?post=1227"},{"taxonomy":"product_cat","embeddable":true,"href":"https:\/\/dorine-decayeux.com\/en\/wp-json\/wp\/v2\/product_cat?post=1227"},{"taxonomy":"product_tag","embeddable":true,"href":"https:\/\/dorine-decayeux.com\/en\/wp-json\/wp\/v2\/product_tag?post=1227"}],"curies":[{"name":"wp","href":"https:\/\/api.w.org\/{rel}","templated":true}]}}