{"id":5100,"date":"2023-03-07T18:26:06","date_gmt":"2023-03-07T17:26:06","guid":{"rendered":"https:\/\/vlum.fr\/?post_type=product&#038;p=5100"},"modified":"2025-10-15T23:52:37","modified_gmt":"2025-10-15T21:52:37","slug":"blum-argente","status":"publish","type":"product","link":"https:\/\/dorine-decayeux.com\/en\/product\/blum-argente\/","title":{"rendered":"Silvery Blum"},"content":{"rendered":"","protected":false},"excerpt":{"rendered":"<p>Blum, Bola by VLUM...<\/p>\n<p>Bola is a chiming pendant also known as a \u00abharmony ball\u00bb in different traditions. Worn by expectant mothers during pregnancy so the baby hears the gentle ringing sounds and reminding them the\nsecurity of the womb... The spherical pendant, formed with a small ball inside, produces a beautifully subtle sound when shaken, appreciated by all of us, pregnant or not, like a lucky charm... Jewel composed of braided Light Blue Nylon threads, silver-plated brass frames and silver-plated coated cable.<\/p>","protected":false},"featured_media":5089,"template":"","meta":[],"product_brand":[],"product_cat":[56],"product_tag":[],"class_list":{"0":"post-5100","1":"product","2":"type-product","3":"status-publish","4":"has-post-thumbnail","6":"product_cat-blum-sonore","8":"first","9":"instock","10":"shipping-taxable","11":"purchasable","12":"product-type-simple"},"yoast_head":"<!-- This site is optimized with the Yoast SEO plugin v27.3 - https:\/\/yoast.com\/product\/yoast-seo-wordpress\/ -->\n<title>Blum Argent\u00e9 - Dorine Decayeux<\/title>\n<meta name=\"robots\" content=\"index, follow, max-snippet:-1, max-image-preview:large, max-video-preview:-1\" \/>\n<link rel=\"canonical\" href=\"https:\/\/dorine-decayeux.com\/en\/product\/blum-argente\/\" \/>\n<meta property=\"og:locale\" content=\"en_GB\" \/>\n<meta property=\"og:type\" content=\"article\" \/>\n<meta property=\"og:title\" content=\"Blum Argent\u00e9 - Dorine Decayeux\" \/>\n<meta property=\"og:description\" content=\"Blum, Le Bola by VLUM...  Le &quot;Bola&quot; est un pendentif carillon, \u00e9galement connu sous le nom de \u00abBoule d&#039;harmonie\u00bb dans diff\u00e9rentes traditions ancestrales. S&#039;il est port\u00e9 pendant la grossesse, le b\u00e9b\u00e9, une fois mis au monde, entendra les douces sonorit\u00e9s qui lui rappelleront la s\u00e9curit\u00e9 de sa vie intra-uterine. Le pendentif sph\u00e9rique est form\u00e9 d&#039;une petite boule \u00e0 l&#039;int\u00e9rieur qui produit un son subtil lorsqu&#039;il est secou\u00e9. Il est appr\u00e9ci\u00e9 de tous.tes, enceinte ou non, tel un porte-bonheur... Version m\u00e9tal Argent\u00e9, nylon Bleu claire et c\u00e2ble gain\u00e9 plaqu\u00e9 Argent.\" \/>\n<meta property=\"og:url\" content=\"https:\/\/dorine-decayeux.com\/en\/product\/blum-argente\/\" \/>\n<meta property=\"og:site_name\" content=\"Dorine Decayeux\" \/>\n<meta property=\"article:publisher\" content=\"https:\/\/www.facebook.com\/vlum.fr\/\" \/>\n<meta property=\"article:modified_time\" content=\"2025-10-15T21:52:37+00:00\" \/>\n<meta property=\"og:image\" content=\"https:\/\/dorine-decayeux.com\/wp-content\/uploads\/2020\/05\/BL01RH1-scaled.jpg\" \/>\n\t<meta property=\"og:image:width\" content=\"2560\" \/>\n\t<meta property=\"og:image:height\" content=\"2560\" \/>\n\t<meta property=\"og:image:type\" content=\"image\/jpeg\" \/>\n<meta name=\"twitter:card\" content=\"summary_large_image\" \/>\n<meta name=\"twitter:label1\" content=\"Estimated reading time\" \/>\n\t<meta name=\"twitter:data1\" content=\"1 minute\" \/>\n<script type=\"application\/ld+json\" class=\"yoast-schema-graph\">{\"@context\":\"https:\\\/\\\/schema.org\",\"@graph\":[{\"@type\":\"WebPage\",\"@id\":\"https:\\\/\\\/dorine-decayeux.com\\\/produit\\\/blum-argente\\\/\",\"url\":\"https:\\\/\\\/dorine-decayeux.com\\\/produit\\\/blum-argente\\\/\",\"name\":\"Blum Argent\u00e9 - Dorine Decayeux\",\"isPartOf\":{\"@id\":\"https:\\\/\\\/dorine-decayeux.com\\\/#website\"},\"primaryImageOfPage\":{\"@id\":\"https:\\\/\\\/dorine-decayeux.com\\\/produit\\\/blum-argente\\\/#primaryimage\"},\"image\":{\"@id\":\"https:\\\/\\\/dorine-decayeux.com\\\/produit\\\/blum-argente\\\/#primaryimage\"},\"thumbnailUrl\":\"https:\\\/\\\/dorine-decayeux.com\\\/wp-content\\\/uploads\\\/2020\\\/05\\\/BL01RH1-scaled.jpg\",\"datePublished\":\"2023-03-07T17:26:06+00:00\",\"dateModified\":\"2025-10-15T21:52:37+00:00\",\"breadcrumb\":{\"@id\":\"https:\\\/\\\/dorine-decayeux.com\\\/produit\\\/blum-argente\\\/#breadcrumb\"},\"inLanguage\":\"en-GB\",\"potentialAction\":[{\"@type\":\"ReadAction\",\"target\":[\"https:\\\/\\\/dorine-decayeux.com\\\/produit\\\/blum-argente\\\/\"]}]},{\"@type\":\"ImageObject\",\"inLanguage\":\"en-GB\",\"@id\":\"https:\\\/\\\/dorine-decayeux.com\\\/produit\\\/blum-argente\\\/#primaryimage\",\"url\":\"https:\\\/\\\/dorine-decayeux.com\\\/wp-content\\\/uploads\\\/2020\\\/05\\\/BL01RH1-scaled.jpg\",\"contentUrl\":\"https:\\\/\\\/dorine-decayeux.com\\\/wp-content\\\/uploads\\\/2020\\\/05\\\/BL01RH1-scaled.jpg\",\"width\":2560,\"height\":2560},{\"@type\":\"BreadcrumbList\",\"@id\":\"https:\\\/\\\/dorine-decayeux.com\\\/produit\\\/blum-argente\\\/#breadcrumb\",\"itemListElement\":[{\"@type\":\"ListItem\",\"position\":1,\"name\":\"Accueil\",\"item\":\"https:\\\/\\\/dorine-decayeux.com\\\/en\\\/\"},{\"@type\":\"ListItem\",\"position\":2,\"name\":\"Produits\",\"item\":\"https:\\\/\\\/dorine-decayeux.com\\\/shop\\\/\"},{\"@type\":\"ListItem\",\"position\":3,\"name\":\"Blum Argent\u00e9\"}]},{\"@type\":\"WebSite\",\"@id\":\"https:\\\/\\\/dorine-decayeux.com\\\/#website\",\"url\":\"https:\\\/\\\/dorine-decayeux.com\\\/\",\"name\":\"Vlum\",\"description\":\"French Handmade Jewelry\",\"publisher\":{\"@id\":\"https:\\\/\\\/dorine-decayeux.com\\\/#organization\"},\"potentialAction\":[{\"@type\":\"SearchAction\",\"target\":{\"@type\":\"EntryPoint\",\"urlTemplate\":\"https:\\\/\\\/dorine-decayeux.com\\\/?s={search_term_string}\"},\"query-input\":{\"@type\":\"PropertyValueSpecification\",\"valueRequired\":true,\"valueName\":\"search_term_string\"}}],\"inLanguage\":\"en-GB\"},{\"@type\":\"Organization\",\"@id\":\"https:\\\/\\\/dorine-decayeux.com\\\/#organization\",\"name\":\"Vlum\",\"url\":\"https:\\\/\\\/dorine-decayeux.com\\\/\",\"logo\":{\"@type\":\"ImageObject\",\"inLanguage\":\"en-GB\",\"@id\":\"https:\\\/\\\/dorine-decayeux.com\\\/#\\\/schema\\\/logo\\\/image\\\/\",\"url\":\"https:\\\/\\\/dorine-decayeux.com\\\/wp-content\\\/uploads\\\/2023\\\/04\\\/cropped-cropped-Logo2023-Moyen-vert-scaled.png\",\"contentUrl\":\"https:\\\/\\\/dorine-decayeux.com\\\/wp-content\\\/uploads\\\/2023\\\/04\\\/cropped-cropped-Logo2023-Moyen-vert-scaled.png\",\"width\":2560,\"height\":1227,\"caption\":\"Vlum\"},\"image\":{\"@id\":\"https:\\\/\\\/dorine-decayeux.com\\\/#\\\/schema\\\/logo\\\/image\\\/\"},\"sameAs\":[\"https:\\\/\\\/www.facebook.com\\\/vlum.fr\\\/\"]}]}<\/script>\n<!-- \/ Yoast SEO plugin. -->","yoast_head_json":{"title":"Blum Argent\u00e9 - Dorine Decayeux","robots":{"index":"index","follow":"follow","max-snippet":"max-snippet:-1","max-image-preview":"max-image-preview:large","max-video-preview":"max-video-preview:-1"},"canonical":"https:\/\/dorine-decayeux.com\/en\/product\/blum-argente\/","og_locale":"en_GB","og_type":"article","og_title":"Blum Argent\u00e9 - Dorine Decayeux","og_description":"Blum, Le Bola by VLUM...  Le \"Bola\" est un pendentif carillon, \u00e9galement connu sous le nom de \u00abBoule d'harmonie\u00bb dans diff\u00e9rentes traditions ancestrales. S'il est port\u00e9 pendant la grossesse, le b\u00e9b\u00e9, une fois mis au monde, entendra les douces sonorit\u00e9s qui lui rappelleront la s\u00e9curit\u00e9 de sa vie intra-uterine. Le pendentif sph\u00e9rique est form\u00e9 d'une petite boule \u00e0 l'int\u00e9rieur qui produit un son subtil lorsqu'il est secou\u00e9. Il est appr\u00e9ci\u00e9 de tous.tes, enceinte ou non, tel un porte-bonheur... Version m\u00e9tal Argent\u00e9, nylon Bleu claire et c\u00e2ble gain\u00e9 plaqu\u00e9 Argent.","og_url":"https:\/\/dorine-decayeux.com\/en\/product\/blum-argente\/","og_site_name":"Dorine Decayeux","article_publisher":"https:\/\/www.facebook.com\/vlum.fr\/","article_modified_time":"2025-10-15T21:52:37+00:00","og_image":[{"width":2560,"height":2560,"url":"https:\/\/dorine-decayeux.com\/wp-content\/uploads\/2020\/05\/BL01RH1-scaled.jpg","type":"image\/jpeg"}],"twitter_card":"summary_large_image","twitter_misc":{"Estimated reading time":"1 minute"},"schema":{"@context":"https:\/\/schema.org","@graph":[{"@type":"WebPage","@id":"https:\/\/dorine-decayeux.com\/produit\/blum-argente\/","url":"https:\/\/dorine-decayeux.com\/produit\/blum-argente\/","name":"Blum Argent\u00e9 - Dorine Decayeux","isPartOf":{"@id":"https:\/\/dorine-decayeux.com\/#website"},"primaryImageOfPage":{"@id":"https:\/\/dorine-decayeux.com\/produit\/blum-argente\/#primaryimage"},"image":{"@id":"https:\/\/dorine-decayeux.com\/produit\/blum-argente\/#primaryimage"},"thumbnailUrl":"https:\/\/dorine-decayeux.com\/wp-content\/uploads\/2020\/05\/BL01RH1-scaled.jpg","datePublished":"2023-03-07T17:26:06+00:00","dateModified":"2025-10-15T21:52:37+00:00","breadcrumb":{"@id":"https:\/\/dorine-decayeux.com\/produit\/blum-argente\/#breadcrumb"},"inLanguage":"en-GB","potentialAction":[{"@type":"ReadAction","target":["https:\/\/dorine-decayeux.com\/produit\/blum-argente\/"]}]},{"@type":"ImageObject","inLanguage":"en-GB","@id":"https:\/\/dorine-decayeux.com\/produit\/blum-argente\/#primaryimage","url":"https:\/\/dorine-decayeux.com\/wp-content\/uploads\/2020\/05\/BL01RH1-scaled.jpg","contentUrl":"https:\/\/dorine-decayeux.com\/wp-content\/uploads\/2020\/05\/BL01RH1-scaled.jpg","width":2560,"height":2560},{"@type":"BreadcrumbList","@id":"https:\/\/dorine-decayeux.com\/produit\/blum-argente\/#breadcrumb","itemListElement":[{"@type":"ListItem","position":1,"name":"Accueil","item":"https:\/\/dorine-decayeux.com\/en\/"},{"@type":"ListItem","position":2,"name":"Produits","item":"https:\/\/dorine-decayeux.com\/shop\/"},{"@type":"ListItem","position":3,"name":"Blum Argent\u00e9"}]},{"@type":"WebSite","@id":"https:\/\/dorine-decayeux.com\/#website","url":"https:\/\/dorine-decayeux.com\/","name":"Vlum","description":"French Handmade Jewelry","publisher":{"@id":"https:\/\/dorine-decayeux.com\/#organization"},"potentialAction":[{"@type":"SearchAction","target":{"@type":"EntryPoint","urlTemplate":"https:\/\/dorine-decayeux.com\/?s={search_term_string}"},"query-input":{"@type":"PropertyValueSpecification","valueRequired":true,"valueName":"search_term_string"}}],"inLanguage":"en-GB"},{"@type":"Organization","@id":"https:\/\/dorine-decayeux.com\/#organization","name":"Vlum","url":"https:\/\/dorine-decayeux.com\/","logo":{"@type":"ImageObject","inLanguage":"en-GB","@id":"https:\/\/dorine-decayeux.com\/#\/schema\/logo\/image\/","url":"https:\/\/dorine-decayeux.com\/wp-content\/uploads\/2023\/04\/cropped-cropped-Logo2023-Moyen-vert-scaled.png","contentUrl":"https:\/\/dorine-decayeux.com\/wp-content\/uploads\/2023\/04\/cropped-cropped-Logo2023-Moyen-vert-scaled.png","width":2560,"height":1227,"caption":"Vlum"},"image":{"@id":"https:\/\/dorine-decayeux.com\/#\/schema\/logo\/image\/"},"sameAs":["https:\/\/www.facebook.com\/vlum.fr\/"]}]}},"_links":{"self":[{"href":"https:\/\/dorine-decayeux.com\/en\/wp-json\/wp\/v2\/product\/5100","targetHints":{"allow":["GET"]}}],"collection":[{"href":"https:\/\/dorine-decayeux.com\/en\/wp-json\/wp\/v2\/product"}],"about":[{"href":"https:\/\/dorine-decayeux.com\/en\/wp-json\/wp\/v2\/types\/product"}],"wp:featuredmedia":[{"embeddable":true,"href":"https:\/\/dorine-decayeux.com\/en\/wp-json\/wp\/v2\/media\/5089"}],"wp:attachment":[{"href":"https:\/\/dorine-decayeux.com\/en\/wp-json\/wp\/v2\/media?parent=5100"}],"wp:term":[{"taxonomy":"product_brand","embeddable":true,"href":"https:\/\/dorine-decayeux.com\/en\/wp-json\/wp\/v2\/product_brand?post=5100"},{"taxonomy":"product_cat","embeddable":true,"href":"https:\/\/dorine-decayeux.com\/en\/wp-json\/wp\/v2\/product_cat?post=5100"},{"taxonomy":"product_tag","embeddable":true,"href":"https:\/\/dorine-decayeux.com\/en\/wp-json\/wp\/v2\/product_tag?post=5100"}],"curies":[{"name":"wp","href":"https:\/\/api.w.org\/{rel}","templated":true}]}}