{"id":5887,"date":"2023-03-30T19:21:55","date_gmt":"2023-03-30T17:21:55","guid":{"rendered":"https:\/\/vlum.fr\/?post_type=product&#038;p=5887"},"modified":"2025-10-15T23:53:54","modified_gmt":"2025-10-15T21:53:54","slug":"clous-ailees","status":"publish","type":"product","link":"https:\/\/dorine-decayeux.com\/en\/product\/clous-ailees\/","title":{"rendered":"Ail\u00e9es Stud Earrings"},"content":{"rendered":"","protected":false},"excerpt":{"rendered":"<p><span>These stud earrings remind of the fall of the threader earrings, for those who prefer fixed attachments... Jewel composed of braided Nylon threads and brass frames gilded with 24k fine gold.<\/span><\/p>","protected":false},"featured_media":5888,"template":"","meta":[],"product_brand":[],"product_cat":[132],"product_tag":[],"class_list":{"0":"post-5887","1":"product","2":"type-product","3":"status-publish","4":"has-post-thumbnail","6":"product_cat-aile","8":"first","9":"instock","10":"shipping-taxable","11":"purchasable","12":"product-type-simple"},"yoast_head":"<!-- This site is optimized with the Yoast SEO plugin v27.3 - https:\/\/yoast.com\/product\/yoast-seo-wordpress\/ -->\n<title>Clous Ail\u00e9es - Dorine Decayeux<\/title>\n<meta name=\"robots\" content=\"index, follow, max-snippet:-1, max-image-preview:large, max-video-preview:-1\" \/>\n<link rel=\"canonical\" href=\"https:\/\/dorine-decayeux.com\/en\/product\/clous-ailees\/\" \/>\n<meta property=\"og:locale\" content=\"en_GB\" \/>\n<meta property=\"og:type\" content=\"article\" \/>\n<meta property=\"og:title\" content=\"Clous Ail\u00e9es - Dorine Decayeux\" \/>\n<meta property=\"og:description\" content=\"Ces clous rappellent le tomb\u00e9 des Cha\u00eenettes, pour celles qui pr\u00e9f\u00e8rent les attaches fixes\u2026 Bijou compos\u00e9 de fils de Nylon tress\u00e9s et montures en laiton dor\u00e9 \u00e0 l\u2019Or fin 24k.\" \/>\n<meta property=\"og:url\" content=\"https:\/\/dorine-decayeux.com\/en\/product\/clous-ailees\/\" \/>\n<meta property=\"og:site_name\" content=\"Dorine Decayeux\" \/>\n<meta property=\"article:publisher\" content=\"https:\/\/www.facebook.com\/vlum.fr\/\" \/>\n<meta property=\"article:modified_time\" content=\"2025-10-15T21:53:54+00:00\" \/>\n<meta property=\"og:image\" content=\"https:\/\/dorine-decayeux.com\/wp-content\/uploads\/2023\/03\/A01OR1-scaled.jpg\" \/>\n\t<meta property=\"og:image:width\" content=\"2560\" \/>\n\t<meta property=\"og:image:height\" content=\"2560\" \/>\n\t<meta property=\"og:image:type\" content=\"image\/jpeg\" \/>\n<meta name=\"twitter:card\" content=\"summary_large_image\" \/>\n<meta name=\"twitter:label1\" content=\"Estimated reading time\" \/>\n\t<meta name=\"twitter:data1\" content=\"1 minute\" \/>\n<script type=\"application\/ld+json\" class=\"yoast-schema-graph\">{\"@context\":\"https:\\\/\\\/schema.org\",\"@graph\":[{\"@type\":\"WebPage\",\"@id\":\"https:\\\/\\\/dorine-decayeux.com\\\/en\\\/product\\\/clous-ailees\\\/\",\"url\":\"https:\\\/\\\/dorine-decayeux.com\\\/en\\\/product\\\/clous-ailees\\\/\",\"name\":\"Clous Ail\u00e9es - Dorine Decayeux\",\"isPartOf\":{\"@id\":\"https:\\\/\\\/dorine-decayeux.com\\\/#website\"},\"primaryImageOfPage\":{\"@id\":\"https:\\\/\\\/dorine-decayeux.com\\\/en\\\/product\\\/clous-ailees\\\/#primaryimage\"},\"image\":{\"@id\":\"https:\\\/\\\/dorine-decayeux.com\\\/en\\\/product\\\/clous-ailees\\\/#primaryimage\"},\"thumbnailUrl\":\"https:\\\/\\\/dorine-decayeux.com\\\/wp-content\\\/uploads\\\/2023\\\/03\\\/A01OR1-scaled.jpg\",\"datePublished\":\"2023-03-30T17:21:55+00:00\",\"dateModified\":\"2025-10-15T21:53:54+00:00\",\"breadcrumb\":{\"@id\":\"https:\\\/\\\/dorine-decayeux.com\\\/en\\\/product\\\/clous-ailees\\\/#breadcrumb\"},\"inLanguage\":\"en-GB\",\"potentialAction\":[{\"@type\":\"ReadAction\",\"target\":[\"https:\\\/\\\/dorine-decayeux.com\\\/en\\\/product\\\/clous-ailees\\\/\"]}]},{\"@type\":\"ImageObject\",\"inLanguage\":\"en-GB\",\"@id\":\"https:\\\/\\\/dorine-decayeux.com\\\/en\\\/product\\\/clous-ailees\\\/#primaryimage\",\"url\":\"https:\\\/\\\/dorine-decayeux.com\\\/wp-content\\\/uploads\\\/2023\\\/03\\\/A01OR1-scaled.jpg\",\"contentUrl\":\"https:\\\/\\\/dorine-decayeux.com\\\/wp-content\\\/uploads\\\/2023\\\/03\\\/A01OR1-scaled.jpg\",\"width\":2560,\"height\":2560},{\"@type\":\"BreadcrumbList\",\"@id\":\"https:\\\/\\\/dorine-decayeux.com\\\/en\\\/product\\\/clous-ailees\\\/#breadcrumb\",\"itemListElement\":[{\"@type\":\"ListItem\",\"position\":1,\"name\":\"Accueil\",\"item\":\"https:\\\/\\\/dorine-decayeux.com\\\/en\\\/\"},{\"@type\":\"ListItem\",\"position\":2,\"name\":\"Produits\",\"item\":\"https:\\\/\\\/dorine-decayeux.com\\\/shop\\\/\"},{\"@type\":\"ListItem\",\"position\":3,\"name\":\"Clous Ail\u00e9es\"}]},{\"@type\":\"WebSite\",\"@id\":\"https:\\\/\\\/dorine-decayeux.com\\\/#website\",\"url\":\"https:\\\/\\\/dorine-decayeux.com\\\/\",\"name\":\"Vlum\",\"description\":\"French Handmade Jewelry\",\"publisher\":{\"@id\":\"https:\\\/\\\/dorine-decayeux.com\\\/#organization\"},\"potentialAction\":[{\"@type\":\"SearchAction\",\"target\":{\"@type\":\"EntryPoint\",\"urlTemplate\":\"https:\\\/\\\/dorine-decayeux.com\\\/?s={search_term_string}\"},\"query-input\":{\"@type\":\"PropertyValueSpecification\",\"valueRequired\":true,\"valueName\":\"search_term_string\"}}],\"inLanguage\":\"en-GB\"},{\"@type\":\"Organization\",\"@id\":\"https:\\\/\\\/dorine-decayeux.com\\\/#organization\",\"name\":\"Vlum\",\"url\":\"https:\\\/\\\/dorine-decayeux.com\\\/\",\"logo\":{\"@type\":\"ImageObject\",\"inLanguage\":\"en-GB\",\"@id\":\"https:\\\/\\\/dorine-decayeux.com\\\/#\\\/schema\\\/logo\\\/image\\\/\",\"url\":\"https:\\\/\\\/dorine-decayeux.com\\\/wp-content\\\/uploads\\\/2023\\\/04\\\/cropped-cropped-Logo2023-Moyen-vert-scaled.png\",\"contentUrl\":\"https:\\\/\\\/dorine-decayeux.com\\\/wp-content\\\/uploads\\\/2023\\\/04\\\/cropped-cropped-Logo2023-Moyen-vert-scaled.png\",\"width\":2560,\"height\":1227,\"caption\":\"Vlum\"},\"image\":{\"@id\":\"https:\\\/\\\/dorine-decayeux.com\\\/#\\\/schema\\\/logo\\\/image\\\/\"},\"sameAs\":[\"https:\\\/\\\/www.facebook.com\\\/vlum.fr\\\/\"]}]}<\/script>\n<!-- \/ Yoast SEO plugin. -->","yoast_head_json":{"title":"Clous Ail\u00e9es - Dorine Decayeux","robots":{"index":"index","follow":"follow","max-snippet":"max-snippet:-1","max-image-preview":"max-image-preview:large","max-video-preview":"max-video-preview:-1"},"canonical":"https:\/\/dorine-decayeux.com\/en\/product\/clous-ailees\/","og_locale":"en_GB","og_type":"article","og_title":"Clous Ail\u00e9es - Dorine Decayeux","og_description":"Ces clous rappellent le tomb\u00e9 des Cha\u00eenettes, pour celles qui pr\u00e9f\u00e8rent les attaches fixes\u2026 Bijou compos\u00e9 de fils de Nylon tress\u00e9s et montures en laiton dor\u00e9 \u00e0 l\u2019Or fin 24k.","og_url":"https:\/\/dorine-decayeux.com\/en\/product\/clous-ailees\/","og_site_name":"Dorine Decayeux","article_publisher":"https:\/\/www.facebook.com\/vlum.fr\/","article_modified_time":"2025-10-15T21:53:54+00:00","og_image":[{"width":2560,"height":2560,"url":"https:\/\/dorine-decayeux.com\/wp-content\/uploads\/2023\/03\/A01OR1-scaled.jpg","type":"image\/jpeg"}],"twitter_card":"summary_large_image","twitter_misc":{"Estimated reading time":"1 minute"},"schema":{"@context":"https:\/\/schema.org","@graph":[{"@type":"WebPage","@id":"https:\/\/dorine-decayeux.com\/en\/product\/clous-ailees\/","url":"https:\/\/dorine-decayeux.com\/en\/product\/clous-ailees\/","name":"Clous Ail\u00e9es - Dorine Decayeux","isPartOf":{"@id":"https:\/\/dorine-decayeux.com\/#website"},"primaryImageOfPage":{"@id":"https:\/\/dorine-decayeux.com\/en\/product\/clous-ailees\/#primaryimage"},"image":{"@id":"https:\/\/dorine-decayeux.com\/en\/product\/clous-ailees\/#primaryimage"},"thumbnailUrl":"https:\/\/dorine-decayeux.com\/wp-content\/uploads\/2023\/03\/A01OR1-scaled.jpg","datePublished":"2023-03-30T17:21:55+00:00","dateModified":"2025-10-15T21:53:54+00:00","breadcrumb":{"@id":"https:\/\/dorine-decayeux.com\/en\/product\/clous-ailees\/#breadcrumb"},"inLanguage":"en-GB","potentialAction":[{"@type":"ReadAction","target":["https:\/\/dorine-decayeux.com\/en\/product\/clous-ailees\/"]}]},{"@type":"ImageObject","inLanguage":"en-GB","@id":"https:\/\/dorine-decayeux.com\/en\/product\/clous-ailees\/#primaryimage","url":"https:\/\/dorine-decayeux.com\/wp-content\/uploads\/2023\/03\/A01OR1-scaled.jpg","contentUrl":"https:\/\/dorine-decayeux.com\/wp-content\/uploads\/2023\/03\/A01OR1-scaled.jpg","width":2560,"height":2560},{"@type":"BreadcrumbList","@id":"https:\/\/dorine-decayeux.com\/en\/product\/clous-ailees\/#breadcrumb","itemListElement":[{"@type":"ListItem","position":1,"name":"Accueil","item":"https:\/\/dorine-decayeux.com\/en\/"},{"@type":"ListItem","position":2,"name":"Produits","item":"https:\/\/dorine-decayeux.com\/shop\/"},{"@type":"ListItem","position":3,"name":"Clous Ail\u00e9es"}]},{"@type":"WebSite","@id":"https:\/\/dorine-decayeux.com\/#website","url":"https:\/\/dorine-decayeux.com\/","name":"Vlum","description":"French Handmade Jewelry","publisher":{"@id":"https:\/\/dorine-decayeux.com\/#organization"},"potentialAction":[{"@type":"SearchAction","target":{"@type":"EntryPoint","urlTemplate":"https:\/\/dorine-decayeux.com\/?s={search_term_string}"},"query-input":{"@type":"PropertyValueSpecification","valueRequired":true,"valueName":"search_term_string"}}],"inLanguage":"en-GB"},{"@type":"Organization","@id":"https:\/\/dorine-decayeux.com\/#organization","name":"Vlum","url":"https:\/\/dorine-decayeux.com\/","logo":{"@type":"ImageObject","inLanguage":"en-GB","@id":"https:\/\/dorine-decayeux.com\/#\/schema\/logo\/image\/","url":"https:\/\/dorine-decayeux.com\/wp-content\/uploads\/2023\/04\/cropped-cropped-Logo2023-Moyen-vert-scaled.png","contentUrl":"https:\/\/dorine-decayeux.com\/wp-content\/uploads\/2023\/04\/cropped-cropped-Logo2023-Moyen-vert-scaled.png","width":2560,"height":1227,"caption":"Vlum"},"image":{"@id":"https:\/\/dorine-decayeux.com\/#\/schema\/logo\/image\/"},"sameAs":["https:\/\/www.facebook.com\/vlum.fr\/"]}]}},"_links":{"self":[{"href":"https:\/\/dorine-decayeux.com\/en\/wp-json\/wp\/v2\/product\/5887","targetHints":{"allow":["GET"]}}],"collection":[{"href":"https:\/\/dorine-decayeux.com\/en\/wp-json\/wp\/v2\/product"}],"about":[{"href":"https:\/\/dorine-decayeux.com\/en\/wp-json\/wp\/v2\/types\/product"}],"wp:featuredmedia":[{"embeddable":true,"href":"https:\/\/dorine-decayeux.com\/en\/wp-json\/wp\/v2\/media\/5888"}],"wp:attachment":[{"href":"https:\/\/dorine-decayeux.com\/en\/wp-json\/wp\/v2\/media?parent=5887"}],"wp:term":[{"taxonomy":"product_brand","embeddable":true,"href":"https:\/\/dorine-decayeux.com\/en\/wp-json\/wp\/v2\/product_brand?post=5887"},{"taxonomy":"product_cat","embeddable":true,"href":"https:\/\/dorine-decayeux.com\/en\/wp-json\/wp\/v2\/product_cat?post=5887"},{"taxonomy":"product_tag","embeddable":true,"href":"https:\/\/dorine-decayeux.com\/en\/wp-json\/wp\/v2\/product_tag?post=5887"}],"curies":[{"name":"wp","href":"https:\/\/api.w.org\/{rel}","templated":true}]}}